{"id":62,"date":"2018-08-07T15:05:09","date_gmt":"2018-08-07T13:05:09","guid":{"rendered":"http:\/\/artyci.com\/new\/?page_id=62"},"modified":"2026-04-15T08:18:29","modified_gmt":"2026-04-15T06:18:29","slug":"galeria","status":"publish","type":"page","link":"https:\/\/artyci.com\/en\/galeria\/","title":{"rendered":"Gallery"},"content":{"rendered":"<p><\/p>\n<h3 id=\"tw-target-text\" class=\"tw-data-text tw-ta tw-text-small\" dir=\"ltr\" data-placeholder=\"P\u0159eklad\"><span style=\"color: #008000;\"><em><span lang=\"en\">Here are all the albums. <\/span>For the better clarity, click on the gallery sub-pages to find the albums divided into: workshops, performances and others.<\/em><\/span><\/h3>\n<p>      <div id=\"post-grid-lazy-5425\" class=\"post-grid-lazy\"><img decoding=\"async\" alt=\"\" src=\"\" \/><\/div>\n    <script>\n      jQuery('#post-grid-lazy-5425').ready(function($) {\n        $('#post-grid-lazy-5425').fadeOut();\n        $('#post-grid-5425   ').fadeIn();\n      })\n    <\/script>\n    <style type=\"text\/css\">\n      #post-grid-5425 {\n        display: none;\n      }\n\n      .post-grid-lazy {\n        text-align: center;\n      }\n    <\/style>\n    <div data-options='{&quot;id&quot;:&quot;5425&quot;,&quot;lazy_load&quot;:&quot;yes&quot;,&quot;masonry_enable&quot;:&quot;no&quot;,&quot;view_type&quot;:&quot;grid&quot;}' id=\"post-grid-5425\" class=\"post-grid grid\">\n    \n\n\n    <div class=\"grid-items\">\n      <div class=\"item item-4631 skin flat even 0 \">\n        <div class=\"layer-wrapper layout-\">\n        <div class=\"layer-media\"><\/div>\n  <div class=\"layer-content\">\n        <div\r\n        class=\"element element_0  element-media \">\r\n        <a target=\"_self\" href=\"https:\/\/artyci.com\/en\/retreat-v-cine-2024\/\"><img loading=\"lazy\" decoding=\"async\" width=\"750\" height=\"500\" src=\"https:\/\/artyci.com\/wp-content\/uploads\/2025\/03\/23-1024x683.jpg\" class=\"attachment-large size-large wp-post-image\" alt=\"\" \/><\/a>    <\/div>\r\n    <div class=\"element element_1  title_link \">\r\n                    <a target=\"\"\r\n                href=\"https:\/\/artyci.com\/en\/retreat-v-cine-2024\/\">Retreat with Master Bing in China<\/a>\r\n            <\/div>\r\n    <div class=\"element element_2  excerpt \">\r\n        Unforgettable Qi Gong Retreat with Master Bing in China, May 2024.            <\/div>\r\n            <a class=\"element element_3  read_more \"\r\n            target=\"\"\r\n            href=\"https:\/\/artyci.com\/en\/retreat-v-cine-2024\/\"><\/a>\r\n      <\/div>\n    <\/div>\n  <\/div><div class=\"item item-2755 skin flat odd 1 \">\n        <div class=\"layer-wrapper layout-\">\n        <div class=\"layer-media\"><\/div>\n  <div class=\"layer-content\">\n        <div\r\n        class=\"element element_0  element-media \">\r\n        <a target=\"_self\" href=\"https:\/\/artyci.com\/en\/bdelost-tela_dychajuce-kosti\/\"><img loading=\"lazy\" decoding=\"async\" width=\"750\" height=\"422\" src=\"https:\/\/artyci.com\/wp-content\/uploads\/2019\/04\/kosti04c.jpg\" class=\"attachment-large size-large wp-post-image\" alt=\"\" \/><\/a>    <\/div>\r\n    <div class=\"element element_1  title_link \">\r\n                    <a target=\"\"\r\n                href=\"https:\/\/artyci.com\/en\/bdelost-tela_dychajuce-kosti\/\">Body Awakeness_Breathing Bones<\/a>\r\n            <\/div>\r\n    <div class=\"element element_2  excerpt \">\r\n        Body Awakeness_series of movement seminars led by Zuna_ part \"Breathing Bones\" in Bratislava_April 2019 photo_Eileen Yaman            <\/div>\r\n            <a class=\"element element_3  read_more \"\r\n            target=\"\"\r\n            href=\"https:\/\/artyci.com\/en\/bdelost-tela_dychajuce-kosti\/\"><\/a>\r\n      <\/div>\n    <\/div>\n  <\/div><div class=\"item item-1587 skin flat even 2 \">\n        <div class=\"layer-wrapper layout-\">\n        <div class=\"layer-media\"><\/div>\n  <div class=\"layer-content\">\n        <div\r\n        class=\"element element_0  element-media \">\r\n        <a target=\"_self\" href=\"https:\/\/artyci.com\/en\/eu-genus\/\"><img loading=\"lazy\" decoding=\"async\" width=\"750\" height=\"500\" src=\"https:\/\/artyci.com\/wp-content\/uploads\/2018\/11\/01-3-1024x683.jpg\" class=\"attachment-large size-large wp-post-image\" alt=\"\" \/><\/a>    <\/div>\r\n    <div class=\"element element_1  title_link \">\r\n                    <a target=\"\"\r\n                href=\"https:\/\/artyci.com\/en\/eu-genus\/\">Eu.genus<\/a>\r\n            <\/div>\r\n    <div class=\"element element_2  excerpt \">\r\n        Eu.genus_ piece of Honey and Dust, production by Andrej Kalinka, dramaturgy and assistant director Milan Koz\u00e1nek \/ 2018 photo_Noro Knap            <\/div>\r\n            <a class=\"element element_3  read_more \"\r\n            target=\"\"\r\n            href=\"https:\/\/artyci.com\/en\/eu-genus\/\"><\/a>\r\n      <\/div>\n    <\/div>\n  <\/div><div class=\"item item-1022 skin flat odd 3 \">\n        <div class=\"layer-wrapper layout-\">\n        <div class=\"layer-media\"><\/div>\n  <div class=\"layer-content\">\n        <div\r\n        class=\"element element_0  element-media \">\r\n        <a target=\"_self\" href=\"https:\/\/artyci.com\/en\/pre-gaiu-2\/\"><img loading=\"lazy\" decoding=\"async\" width=\"750\" height=\"500\" src=\"https:\/\/artyci.com\/wp-content\/uploads\/2018\/10\/gaia13.jpg\" class=\"attachment-large size-large wp-post-image\" alt=\"\" \/><\/a>    <\/div>\r\n    <div class=\"element element_1  title_link \">\r\n                    <a target=\"\"\r\n                href=\"https:\/\/artyci.com\/en\/pre-gaiu-2\/\">For Gaia<\/a>\r\n            <\/div>\r\n    <div class=\"element element_2  excerpt \">\r\n        For Gaia_ improvised performance by Zuna a musician Maok_2013-2018 Photo by Noro Knap (1-3, 5-15), Nat\u00e1lia Zaja\u010d\u00edkov\u00e1 (4), Wang (16),            <\/div>\r\n            <a class=\"element element_3  read_more \"\r\n            target=\"\"\r\n            href=\"https:\/\/artyci.com\/en\/pre-gaiu-2\/\"><\/a>\r\n      <\/div>\n    <\/div>\n  <\/div><div class=\"item item-1635 skin flat even 4 \">\n        <div class=\"layer-wrapper layout-\">\n        <div class=\"layer-media\"><\/div>\n  <div class=\"layer-content\">\n        <div\r\n        class=\"element element_0  element-media \">\r\n        <a target=\"_self\" href=\"https:\/\/artyci.com\/en\/english-couch-corner\/\"><img loading=\"lazy\" decoding=\"async\" width=\"750\" height=\"500\" src=\"https:\/\/artyci.com\/wp-content\/uploads\/2018\/11\/05-4-1024x683.jpg\" class=\"attachment-large size-large wp-post-image\" alt=\"\" \/><\/a>    <\/div>\r\n    <div class=\"element element_1  title_link \">\r\n                    <a target=\"\"\r\n                href=\"https:\/\/artyci.com\/en\/english-couch-corner\/\">Couch corner<\/a>\r\n            <\/div>\r\n    <div class=\"element element_2  excerpt \">\r\n        Improvised dance talk show performed within years 2008 to 2016. Pictures taken from Bratislava in 2012 \/ pics nr. 1-20            <\/div>\r\n            <a class=\"element element_3  read_more \"\r\n            target=\"\"\r\n            href=\"https:\/\/artyci.com\/en\/english-couch-corner\/\"><\/a>\r\n      <\/div>\n    <\/div>\n  <\/div><div class=\"item item-973 skin flat odd 5 \">\n        <div class=\"layer-wrapper layout-\">\n        <div class=\"layer-media\"><\/div>\n  <div class=\"layer-content\">\n        <div\r\n        class=\"element element_0  element-media \">\r\n        <a target=\"_self\" href=\"https:\/\/artyci.com\/en\/english-od-anatomie-po-kompoziciu\/\"><img loading=\"lazy\" decoding=\"async\" width=\"750\" height=\"500\" src=\"https:\/\/artyci.com\/wp-content\/uploads\/2018\/10\/10.jpg\" class=\"attachment-large size-large wp-post-image\" alt=\"\" \/><\/a>    <\/div>\r\n    <div class=\"element element_1  title_link \">\r\n                    <a target=\"\"\r\n                href=\"https:\/\/artyci.com\/en\/english-od-anatomie-po-kompoziciu\/\">From Anatomy to Composition<\/a>\r\n            <\/div>\r\n    <div class=\"element element_2  excerpt \">\r\n        From Anatomy to Composition_workshop for dancers, movers and actors by Milan Koz\u00e1nek and Andrej Kalinka in \u017dilina_July Photo_Orsolya Varga 2018            <\/div>\r\n            <a class=\"element element_3  read_more \"\r\n            target=\"\"\r\n            href=\"https:\/\/artyci.com\/en\/english-od-anatomie-po-kompoziciu\/\"><\/a>\r\n      <\/div>\n    <\/div>\n  <\/div><div class=\"item item-474 skin flat even 6 \">\n        <div class=\"layer-wrapper layout-\">\n        <div class=\"layer-media\"><\/div>\n  <div class=\"layer-content\">\n        <div\r\n        class=\"element element_0  element-media \">\r\n        <a target=\"_self\" href=\"https:\/\/artyci.com\/en\/meridian-flow\/\"><img loading=\"lazy\" decoding=\"async\" width=\"750\" height=\"422\" src=\"https:\/\/artyci.com\/wp-content\/uploads\/2018\/09\/a.30-1-1024x576.jpg\" class=\"attachment-large size-large wp-post-image\" alt=\"\" \/><\/a>    <\/div>\r\n    <div class=\"element element_1  title_link \">\r\n                    <a target=\"\"\r\n                href=\"https:\/\/artyci.com\/en\/meridian-flow\/\">Dancing Qigong_Meridian Flow<\/a>\r\n            <\/div>\r\n    <div class=\"element element_2  excerpt \">\r\n        Dancing Qigong_MERIDIAN FLOW_research in High Tatras (SK)_August 2018 photo_Zuna Vesan            <\/div>\r\n            <a class=\"element element_3  read_more \"\r\n            target=\"\"\r\n            href=\"https:\/\/artyci.com\/en\/meridian-flow\/\"><\/a>\r\n      <\/div>\n    <\/div>\n  <\/div><div class=\"item item-1734 skin flat odd 7 \">\n        <div class=\"layer-wrapper layout-\">\n        <div class=\"layer-media\"><\/div>\n  <div class=\"layer-content\">\n        <div\r\n        class=\"element element_0  element-media \">\r\n        <a target=\"_self\" href=\"https:\/\/artyci.com\/en\/choreo_lab-transformation-peking\/\"><img loading=\"lazy\" decoding=\"async\" width=\"750\" height=\"500\" src=\"https:\/\/artyci.com\/wp-content\/uploads\/2018\/11\/25-3-1024x683.jpg\" class=\"attachment-large size-large wp-post-image\" alt=\"\" \/><\/a>    <\/div>\r\n    <div class=\"element element_1  title_link \">\r\n                    <a target=\"\"\r\n                href=\"https:\/\/artyci.com\/en\/choreo_lab-transformation-peking\/\">ChoreoLAB Transformation, Beijing 2016<\/a>\r\n            <\/div>\r\n    <div class=\"element element_2  excerpt \">\r\n        ChoreoLAB Transformation led by Zuna and Milan, based on the principles od Yi Jing, The Book of Changes, Beijing 2016,            <\/div>\r\n            <a class=\"element element_3  read_more \"\r\n            target=\"\"\r\n            href=\"https:\/\/artyci.com\/en\/choreo_lab-transformation-peking\/\"><\/a>\r\n      <\/div>\n    <\/div>\n  <\/div><div class=\"item item-1710 skin flat even 8 \">\n        <div class=\"layer-wrapper layout-\">\n        <div class=\"layer-media\"><\/div>\n  <div class=\"layer-content\">\n        <div\r\n        class=\"element element_0  element-media \">\r\n        <a target=\"_self\" href=\"https:\/\/artyci.com\/en\/pure-2\/\"><img loading=\"lazy\" decoding=\"async\" width=\"750\" height=\"500\" src=\"https:\/\/artyci.com\/wp-content\/uploads\/2018\/11\/03-Noro-Knap-1024x683.jpg\" class=\"attachment-large size-large wp-post-image\" alt=\"\" \/><\/a>    <\/div>\r\n    <div class=\"element element_1  title_link \">\r\n                    <a target=\"\"\r\n                href=\"https:\/\/artyci.com\/en\/pure-2\/\">Pure<\/a>\r\n            <\/div>\r\n    <div class=\"element element_2  excerpt \">\r\n        Performance of Milan Koz\u00e1nek focused on the power of physicality danced by Rado Piovar\u010di and Petr Ochvat, 2015 photo_ Kasion            <\/div>\r\n            <a class=\"element element_3  read_more \"\r\n            target=\"\"\r\n            href=\"https:\/\/artyci.com\/en\/pure-2\/\"><\/a>\r\n      <\/div>\n    <\/div>\n  <\/div><div class=\"item item-2080 skin flat odd 9 \">\n        <div class=\"layer-wrapper layout-\">\n        <div class=\"layer-media\"><\/div>\n  <div class=\"layer-content\">\n        <div\r\n        class=\"element element_0  element-media \">\r\n        <a target=\"_self\" href=\"https:\/\/artyci.com\/en\/tvorba-diel-omsa-a-cocoon-invisible-kokovice-2015\/\"><img loading=\"lazy\" decoding=\"async\" width=\"750\" height=\"500\" src=\"https:\/\/artyci.com\/wp-content\/uploads\/2018\/11\/19-8-1024x682.jpg\" class=\"attachment-large size-large wp-post-image\" alt=\"\" \/><\/a>    <\/div>\r\n    <div class=\"element element_1  title_link \">\r\n                    <a target=\"\"\r\n                href=\"https:\/\/artyci.com\/en\/tvorba-diel-omsa-a-cocoon-invisible-kokovice-2015\/\">Creation of MASS and COCOON INVISIBLE, 2015<\/a>\r\n            <\/div>\r\n    <div class=\"element element_2  excerpt \">\r\n        Creative process of pieces Mass and Cocoon Invisible in Kokovice vilage (CZ), 2015. Acting: Veronika \u0160imkov\u00e1, Jaro Vi\u0148arsk\u00fd (performers), Zuna            <\/div>\r\n            <a class=\"element element_3  read_more \"\r\n            target=\"\"\r\n            href=\"https:\/\/artyci.com\/en\/tvorba-diel-omsa-a-cocoon-invisible-kokovice-2015\/\"><\/a>\r\n      <\/div>\n    <\/div>\n  <\/div>    <\/div>\n    <div class=\"pagination\">\n      <div class=\"paginate\">\n    <span aria-current=\"page\" class=\"page-numbers current\">1<\/span>\n<a class=\"page-numbers\" href=\"https:\/\/artyci.com\/en\/wp-json\/wp\/v2\/pages\/62\/page\/2\/\">2<\/a>\n<a class=\"next page-numbers\" href=\"https:\/\/artyci.com\/en\/wp-json\/wp\/v2\/pages\/62\/page\/2\/\">Next \u00bb<\/a>  <\/div>\n  <style type=\"text\/css\">\n    #post-grid-5425 .pagination .page-numbers {\n      font-size: 16px;\n      color: #fff;\n      background: #646464;\n    }\n\n    #post-grid-5425 .pagination .page-numbers:hover,\n    #post-grid-5425 .pagination .page-numbers.current {\n      background: #4b4b4b;\n    }\n  <\/style>\n  <\/div>\n      <script>\n          <\/script>\n    <style type=\"text\/css\">\n    #post-grid-5425 .element_0 {\n      display: block;font-size: 21px;line-height: normal;padding: 5px 10px;text-align: left; text-decoration: none;    }\n\n    #post-grid-5425 .element_1 {\n      display: block;font-size: 21px;line-height: normal;padding: 5px 10px;text-align: left; text-decoration: none;    }\n\n    #post-grid-5425 .element_2 {\n      display: block;font-size: 14px;padding: 5px 10px;text-align: left;    }\n\n    #post-grid-5425 .element_3 {\n      display: block;font-size: 12px;font-weight: bold;padding: 0 10px;text-align: left;text-decoration: none;    }\n\n    #post-grid-5425 .element_0:hover{}#post-grid-5425 .element_1:hover{}#post-grid-5425 .element_2:hover{}#post-grid-5425 .element_3:hover{}  <\/style>\n  <style type=\"text\/css\">\n    #post-grid-5425 {\n          }\n\n    #post-grid-5425 .item {\n      padding: 0px;\n      background: #fff;\n          }\n\n    #post-grid-5425 .item .layer-media {\n      height:auto;    }\n\n    @media only screen and (min-width: 0px) and (max-width: 767px) {\n      #post-grid-5425 .grid-items {\n        display: grid;\n        grid-template-columns: 1fr ;\n        column-gap: 10px;\n        row-gap: 10px;\n              }\n\n      #post-grid-5425 .item {\n        height:auto;      }\n    }\n\n    @media only screen and (min-width: 768px) and (max-width: 1023px) {\n      #post-grid-5425 .grid-items {\n        display: grid;\n        grid-template-columns: 1fr 1fr ;\n        column-gap: 10px;\n        row-gap: 10px;\n              }\n\n      #post-grid-5425 .item {\n        max-height:auto;      }\n    }\n\n    @media only screen and (min-width: 1024px) {\n      #post-grid-5425 .grid-items {\n        display: grid;\n        grid-template-columns: 1fr 1fr 1fr ;\n        column-gap: 10px;\n        row-gap: 10px;\n              }\n\n      #post-grid-5425 .item {\n        height:auto;      }\n    }\n\n      <\/style>\n  <\/div>\n<\/p>","protected":false},"excerpt":{"rendered":"<p>Here are all the albums. For the better clarity, click on the gallery sub-pages to find the albums divided into: workshops, performances and others.<\/p>\n","protected":false},"author":2,"featured_media":0,"parent":0,"menu_order":0,"comment_status":"closed","ping_status":"closed","template":"","meta":{"footnotes":""},"class_list":["post-62","page","type-page","status-publish","hentry"],"_links":{"self":[{"href":"https:\/\/artyci.com\/en\/wp-json\/wp\/v2\/pages\/62","targetHints":{"allow":["GET"]}}],"collection":[{"href":"https:\/\/artyci.com\/en\/wp-json\/wp\/v2\/pages"}],"about":[{"href":"https:\/\/artyci.com\/en\/wp-json\/wp\/v2\/types\/page"}],"author":[{"embeddable":true,"href":"https:\/\/artyci.com\/en\/wp-json\/wp\/v2\/users\/2"}],"replies":[{"embeddable":true,"href":"https:\/\/artyci.com\/en\/wp-json\/wp\/v2\/comments?post=62"}],"version-history":[{"count":9,"href":"https:\/\/artyci.com\/en\/wp-json\/wp\/v2\/pages\/62\/revisions"}],"predecessor-version":[{"id":5426,"href":"https:\/\/artyci.com\/en\/wp-json\/wp\/v2\/pages\/62\/revisions\/5426"}],"wp:attachment":[{"href":"https:\/\/artyci.com\/en\/wp-json\/wp\/v2\/media?parent=62"}],"curies":[{"name":"wp","href":"https:\/\/api.w.org\/{rel}","templated":true}]}}