{"id":4905,"date":"2025-08-07T13:28:02","date_gmt":"2025-08-07T11:28:02","guid":{"rendered":"https:\/\/artyci.com\/?page_id=4905"},"modified":"2025-08-07T13:36:37","modified_gmt":"2025-08-07T11:36:37","slug":"meditacie-pre-zeny-online","status":"publish","type":"page","link":"https:\/\/artyci.com\/en\/meditacie-pre-zeny-online\/","title":{"rendered":"(Sloven\u010dina) Medit\u00e1cie pre \u017eeny\/online"},"content":{"rendered":"<p class=\"qtranxs-available-languages-message qtranxs-available-languages-message-en\">Sorry, this entry is only available in <a href=\"https:\/\/artyci.com\/sk\/wp-json\/wp\/v2\/pages\/4905\" class=\"qtranxs-available-language-link qtranxs-available-language-link-sk\" title=\"Sloven\u010dina\">Sloven\u010dina<\/a>.<\/p>","protected":false},"excerpt":{"rendered":"<p>Sorry, this entry is only available in Sloven\u010dina.<\/p>\n","protected":false},"author":2,"featured_media":4906,"parent":0,"menu_order":0,"comment_status":"closed","ping_status":"closed","template":"","meta":{"footnotes":""},"class_list":["post-4905","page","type-page","status-publish","has-post-thumbnail","hentry"],"_links":{"self":[{"href":"https:\/\/artyci.com\/en\/wp-json\/wp\/v2\/pages\/4905","targetHints":{"allow":["GET"]}}],"collection":[{"href":"https:\/\/artyci.com\/en\/wp-json\/wp\/v2\/pages"}],"about":[{"href":"https:\/\/artyci.com\/en\/wp-json\/wp\/v2\/types\/page"}],"author":[{"embeddable":true,"href":"https:\/\/artyci.com\/en\/wp-json\/wp\/v2\/users\/2"}],"replies":[{"embeddable":true,"href":"https:\/\/artyci.com\/en\/wp-json\/wp\/v2\/comments?post=4905"}],"version-history":[{"count":0,"href":"https:\/\/artyci.com\/en\/wp-json\/wp\/v2\/pages\/4905\/revisions"}],"wp:featuredmedia":[{"embeddable":true,"href":"https:\/\/artyci.com\/en\/wp-json\/wp\/v2\/media\/4906"}],"wp:attachment":[{"href":"https:\/\/artyci.com\/en\/wp-json\/wp\/v2\/media?parent=4905"}],"curies":[{"name":"wp","href":"https:\/\/api.w.org\/{rel}","templated":true}]}}