{"id":4844,"date":"2025-08-03T17:09:08","date_gmt":"2025-08-03T15:09:08","guid":{"rendered":"https:\/\/artyci.com\/?page_id=4844"},"modified":"2025-08-11T12:47:46","modified_gmt":"2025-08-11T10:47:46","slug":"letne-taoisticke-ustranie","status":"publish","type":"page","link":"https:\/\/artyci.com\/en\/letne-taoisticke-ustranie\/","title":{"rendered":"Summer Taoistic Retreat"},"content":{"rendered":"<p><\/p>\n<h5 data-start=\"53\" data-end=\"79\"><strong><a href=\"http:\/\/artyci.com\/wp-content\/uploads\/2025\/08\/retreats.jpg\"><img loading=\"lazy\" decoding=\"async\" class=\"alignnone wp-image-4821\" src=\"http:\/\/artyci.com\/wp-content\/uploads\/2025\/08\/retreats-1024x463.jpg\" alt=\"\" width=\"694\" height=\"314\" srcset=\"https:\/\/artyci.com\/wp-content\/uploads\/2025\/08\/retreats-1024x463.jpg 1024w, https:\/\/artyci.com\/wp-content\/uploads\/2025\/08\/retreats-300x136.jpg 300w, https:\/\/artyci.com\/wp-content\/uploads\/2025\/08\/retreats-768x348.jpg 768w, https:\/\/artyci.com\/wp-content\/uploads\/2025\/08\/retreats.jpg 1200w\" sizes=\"auto, (max-width: 694px) 100vw, 694px\" \/><\/a><\/strong><\/h5>\n<h5><strong>Summer Taoist Retreat<\/strong><\/h5>\n<p data-start=\"81\" data-end=\"241\"><strong data-start=\"81\" data-end=\"184\">Retreat focused on cultivating energy and spirit through Qigong, meditation, and Taoist philosophy.<\/strong><br data-start=\"184\" data-end=\"187\" \/><strong data-start=\"187\" data-end=\"239\">July 1\u20135, 2026 \u2022 Surya Center, White Carpathians<\/strong><\/p>\n<p data-start=\"243\" data-end=\"563\">After many years of personal study and rich practice, the information and inspiration we share are increasingly influenced by the laws of nature. Our methods have been shaped and inspired by ancient Chinese texts and the insights of Taoist philosophy, which encompass Chinese medicine, Qigong, the <em data-start=\"541\" data-end=\"550\">I Ching<\/em>, and more.<\/p>\n<p data-start=\"565\" data-end=\"1121\">The summer Taoist retreat takes place a few weeks after the summer solstice, when the annual cycle has reached its peak. Yet, deep within and invisible on the surface, the yin quality has already begun to emerge. Everything is in full bloom, and warmth spreads all around and within. This is an ideal time to savor the abundance and diversity that nature offers, while also turning inward to find one\u2019s center and inner peace. It is a favorable period for connecting with the elements and trees, and for strengthening and revitalizing both body and mind.<\/p>\n<p data-start=\"1123\" data-end=\"1518\">During the retreat, we will explore principles that are also applicable to daily life. The very environment has a beneficial effect not only on the body but also on the soul. In such surroundings, the power of nature becomes a catalyst for deeper, more focused work, helping participants integrate and retain new insights more permanently. Taoism offers many supportive paths for this journey.<\/p>\n<p data-start=\"1123\" data-end=\"1518\"><strong>Retreat is lead by Zuna and Milan.<\/strong><\/p>\n<hr \/>\n<p data-start=\"1520\" data-end=\"1584\"><strong>In addition to rest, the Summer Taoist Retreat will offer:<\/strong><\/p>\n<ul data-start=\"1585\" data-end=\"2131\">\n<li data-start=\"1585\" data-end=\"1681\">\n<p data-start=\"1587\" data-end=\"1681\">Qigong to open the flow of <em data-start=\"1614\" data-end=\"1618\">qi<\/em> in the meridians, revitalize, and strengthen the <em data-start=\"1668\" data-end=\"1679\">dan tiens<\/em><\/p>\n<\/li>\n<li data-start=\"1682\" data-end=\"1703\">\n<p data-start=\"1684\" data-end=\"1703\">Qigong with trees<\/p>\n<\/li>\n<li data-start=\"1704\" data-end=\"1843\">\n<p data-start=\"1706\" data-end=\"1843\">Taoist techniques to strengthen immunity (bone breathing, bone marrow strengthening, cleansing the \u201cwind gates\u201d around the navel, etc.)<\/p>\n<\/li>\n<li data-start=\"1844\" data-end=\"1912\">\n<p data-start=\"1846\" data-end=\"1912\">Self-massage of internal organs and detoxification through sound<\/p>\n<\/li>\n<li data-start=\"1913\" data-end=\"1964\">\n<p data-start=\"1915\" data-end=\"1964\">Meditative, breathing, and relaxation practices<\/p>\n<\/li>\n<li data-start=\"1965\" data-end=\"2051\">\n<p data-start=\"1967\" data-end=\"2051\">Talks on Taoist topics (<em data-start=\"1991\" data-end=\"2005\">Tao Te Ching<\/em>, <em data-start=\"2007\" data-end=\"2016\">I Ching<\/em>, works of Zhuangzi, Liezi, etc.)<\/p>\n<\/li>\n<li data-start=\"2052\" data-end=\"2105\">\n<p data-start=\"2054\" data-end=\"2105\">Peaceful, contemplative environment of the center<\/p>\n<\/li>\n<li data-start=\"2106\" data-end=\"2131\">\n<p data-start=\"2108\" data-end=\"2131\">A full day of silence<\/p>\n<\/li>\n<\/ul>\n<p data-start=\"2133\" data-end=\"2235\">The retreat is suitable for complete beginners. Participation for the entire retreat is recommended.<\/p>\n<hr \/>\n<p data-start=\"2237\" data-end=\"2335\"><strong data-start=\"2237\" data-end=\"2245\">Date<\/strong><br data-start=\"2245\" data-end=\"2248\" \/>Wednesday, July 1 \u2013 begins at 16:00<br data-start=\"2283\" data-end=\"2286\" \/>Sunday, July 5 \u2013 departure after a shared lunch<\/p>\n<p data-start=\"2337\" data-end=\"2395\"><strong data-start=\"2337\" data-end=\"2349\">Location<\/strong><br data-start=\"2349\" data-end=\"2352\" \/>Surya Center, White Carpathians, Slovakia<\/p>\n<p data-start=\"2397\" data-end=\"2479\"><strong data-start=\"2397\" data-end=\"2406\">Price<\/strong><br data-start=\"2406\" data-end=\"2409\" \/>\u20ac209 \/ 5225 CZK \u2013 Early Bird<br data-start=\"2437\" data-end=\"2440\" \/>\u20ac229 \/ 5725 CZK \u2013 after April 7, 2026<\/p>\n<p data-start=\"2481\" data-end=\"2522\"><strong data-start=\"2481\" data-end=\"2520\">Meals &amp; Accommodation at the Center<\/strong><\/p>\n<ul data-start=\"2523\" data-end=\"2783\">\n<li data-start=\"2523\" data-end=\"2579\">\n<p data-start=\"2525\" data-end=\"2579\">Accommodation in double and triple rooms \u2013 \u20ac20\/night<\/p>\n<\/li>\n<li data-start=\"2580\" data-end=\"2783\">\n<p data-start=\"2582\" data-end=\"2650\">Vegetarian meals (lactose-free and gluten-free options available):<\/p>\n<ul data-start=\"2653\" data-end=\"2783\">\n<li data-start=\"2653\" data-end=\"2697\">\n<p data-start=\"2655\" data-end=\"2697\">\u20ac3 breakfast (nutritious grain porridge)<\/p>\n<\/li>\n<li data-start=\"2700\" data-end=\"2724\">\n<p data-start=\"2702\" data-end=\"2724\">\u20ac7 lunch (with soup)<\/p>\n<\/li>\n<li data-start=\"2727\" data-end=\"2740\">\n<p data-start=\"2729\" data-end=\"2740\">\u20ac5 dinner<\/p>\n<\/li>\n<li data-start=\"2743\" data-end=\"2783\">\n<p data-start=\"2745\" data-end=\"2783\">Kitchen use for self-cooking: \u20ac3\/day<\/p>\n<\/li>\n<\/ul>\n<\/li>\n<\/ul>\n<hr \/>\n<p data-start=\"2814\" data-end=\"2825\"><strong>See also:<\/strong><\/p>\n<ul data-start=\"2826\" data-end=\"2975\">\n<li data-start=\"2826\" data-end=\"2851\">\n<p data-start=\"2828\" data-end=\"2851\">Winter Taoist Retreat<\/p>\n<\/li>\n<li data-start=\"2852\" data-end=\"2871\">\n<p data-start=\"2854\" data-end=\"2871\">Qigong Retreats<\/p>\n<\/li>\n<li data-start=\"2872\" data-end=\"2919\">\n<p data-start=\"2874\" data-end=\"2919\">Retreat to the Wudang Mountains, China 2026<\/p>\n<\/li>\n<li data-start=\"2920\" data-end=\"2941\">\n<p data-start=\"2922\" data-end=\"2941\">Qigong Cycle 2025<\/p>\n<\/li>\n<li data-start=\"2942\" data-end=\"2975\">\n<p data-start=\"2944\" data-end=\"2975\">Wudang Five Animals Form 2026<\/p>\n<hr \/>\n<p data-start=\"2944\" data-end=\"2975\"><strong>Prihl\u00e1ste sa na retreat:<br \/>\n<\/strong>Pokia\u013e sa osobne e\u0161te nepozn\u00e1me, nap\u00ed\u0161te do spr\u00e1vy p\u00e1r slov o sebe a d\u00f4vod, pre\u010do sa chcete \u00fastrania z\u00fa\u010dastni\u0165. \u010eakujeme.<\/p>\n<\/li>\n<\/ul>\n<p><\/p>","protected":false},"excerpt":{"rendered":"<p>Summer Taoist Retreat Retreat focused on cultivating energy and spirit through Qigong, meditation, and Taoist philosophy.July 1\u20135, 2026 \u2022 Surya Center, White Carpathians After many years of personal study and rich practice, the information and inspiration we share are increasingly<\/p>\n","protected":false},"author":2,"featured_media":4846,"parent":0,"menu_order":0,"comment_status":"closed","ping_status":"closed","template":"","meta":{"footnotes":""},"class_list":["post-4844","page","type-page","status-publish","has-post-thumbnail","hentry"],"_links":{"self":[{"href":"https:\/\/artyci.com\/en\/wp-json\/wp\/v2\/pages\/4844","targetHints":{"allow":["GET"]}}],"collection":[{"href":"https:\/\/artyci.com\/en\/wp-json\/wp\/v2\/pages"}],"about":[{"href":"https:\/\/artyci.com\/en\/wp-json\/wp\/v2\/types\/page"}],"author":[{"embeddable":true,"href":"https:\/\/artyci.com\/en\/wp-json\/wp\/v2\/users\/2"}],"replies":[{"embeddable":true,"href":"https:\/\/artyci.com\/en\/wp-json\/wp\/v2\/comments?post=4844"}],"version-history":[{"count":4,"href":"https:\/\/artyci.com\/en\/wp-json\/wp\/v2\/pages\/4844\/revisions"}],"predecessor-version":[{"id":5042,"href":"https:\/\/artyci.com\/en\/wp-json\/wp\/v2\/pages\/4844\/revisions\/5042"}],"wp:featuredmedia":[{"embeddable":true,"href":"https:\/\/artyci.com\/en\/wp-json\/wp\/v2\/media\/4846"}],"wp:attachment":[{"href":"https:\/\/artyci.com\/en\/wp-json\/wp\/v2\/media?parent=4844"}],"curies":[{"name":"wp","href":"https:\/\/api.w.org\/{rel}","templated":true}]}}