{"id":3993,"date":"2023-07-28T11:13:07","date_gmt":"2023-07-28T09:13:07","guid":{"rendered":"http:\/\/artyci.com\/?page_id=3993"},"modified":"2025-06-26T08:46:30","modified_gmt":"2025-06-26T06:46:30","slug":"mudrost-taoizmu","status":"publish","type":"page","link":"https:\/\/artyci.com\/en\/knihy\/mudrost-taoizmu\/","title":{"rendered":"(Sloven\u010dina) M\u00fadros\u0165 taoizmu"},"content":{"rendered":"<p class=\"qtranxs-available-languages-message qtranxs-available-languages-message-en\">Sorry, this entry is only available in <a href=\"https:\/\/artyci.com\/sk\/wp-json\/wp\/v2\/pages\/3993\" class=\"qtranxs-available-language-link qtranxs-available-language-link-sk\" title=\"Sloven\u010dina\">Sloven\u010dina<\/a>.<\/p>","protected":false},"excerpt":{"rendered":"<p>Sorry, this entry is only available in Sloven\u010dina.<\/p>\n","protected":false},"author":2,"featured_media":3994,"parent":1078,"menu_order":0,"comment_status":"closed","ping_status":"closed","template":"","meta":{"footnotes":""},"class_list":["post-3993","page","type-page","status-publish","has-post-thumbnail","hentry"],"_links":{"self":[{"href":"https:\/\/artyci.com\/en\/wp-json\/wp\/v2\/pages\/3993","targetHints":{"allow":["GET"]}}],"collection":[{"href":"https:\/\/artyci.com\/en\/wp-json\/wp\/v2\/pages"}],"about":[{"href":"https:\/\/artyci.com\/en\/wp-json\/wp\/v2\/types\/page"}],"author":[{"embeddable":true,"href":"https:\/\/artyci.com\/en\/wp-json\/wp\/v2\/users\/2"}],"replies":[{"embeddable":true,"href":"https:\/\/artyci.com\/en\/wp-json\/wp\/v2\/comments?post=3993"}],"version-history":[{"count":0,"href":"https:\/\/artyci.com\/en\/wp-json\/wp\/v2\/pages\/3993\/revisions"}],"up":[{"embeddable":true,"href":"https:\/\/artyci.com\/en\/wp-json\/wp\/v2\/pages\/1078"}],"wp:featuredmedia":[{"embeddable":true,"href":"https:\/\/artyci.com\/en\/wp-json\/wp\/v2\/media\/3994"}],"wp:attachment":[{"href":"https:\/\/artyci.com\/en\/wp-json\/wp\/v2\/media?parent=3993"}],"curies":[{"name":"wp","href":"https:\/\/api.w.org\/{rel}","templated":true}]}}