{"id":3504,"date":"2021-10-09T15:28:44","date_gmt":"2021-10-09T13:28:44","guid":{"rendered":"http:\/\/artyci.com\/?page_id=3504"},"modified":"2022-01-21T12:12:15","modified_gmt":"2022-01-21T11:12:15","slug":"prednasky-ku-kniham","status":"publish","type":"page","link":"https:\/\/artyci.com\/en\/prednasky-ku-kniham\/","title":{"rendered":"(Sloven\u010dina) predn\u00e1\u0161ky ku knih\u00e1m"},"content":{"rendered":"<p class=\"qtranxs-available-languages-message qtranxs-available-languages-message-en\">Sorry, this entry is only available in <a href=\"https:\/\/artyci.com\/sk\/wp-json\/wp\/v2\/pages\/3504\" class=\"qtranxs-available-language-link qtranxs-available-language-link-sk\" title=\"Sloven\u010dina\">Sloven\u010dina<\/a>.<\/p>","protected":false},"excerpt":{"rendered":"<p>Sorry, this entry is only available in Sloven\u010dina.<\/p>\n","protected":false},"author":2,"featured_media":0,"parent":0,"menu_order":0,"comment_status":"closed","ping_status":"closed","template":"","meta":{"footnotes":""},"class_list":["post-3504","page","type-page","status-publish","hentry"],"_links":{"self":[{"href":"https:\/\/artyci.com\/en\/wp-json\/wp\/v2\/pages\/3504","targetHints":{"allow":["GET"]}}],"collection":[{"href":"https:\/\/artyci.com\/en\/wp-json\/wp\/v2\/pages"}],"about":[{"href":"https:\/\/artyci.com\/en\/wp-json\/wp\/v2\/types\/page"}],"author":[{"embeddable":true,"href":"https:\/\/artyci.com\/en\/wp-json\/wp\/v2\/users\/2"}],"replies":[{"embeddable":true,"href":"https:\/\/artyci.com\/en\/wp-json\/wp\/v2\/comments?post=3504"}],"version-history":[{"count":0,"href":"https:\/\/artyci.com\/en\/wp-json\/wp\/v2\/pages\/3504\/revisions"}],"wp:attachment":[{"href":"https:\/\/artyci.com\/en\/wp-json\/wp\/v2\/media?parent=3504"}],"curies":[{"name":"wp","href":"https:\/\/api.w.org\/{rel}","templated":true}]}}