{"id":3330,"date":"2021-04-12T14:01:20","date_gmt":"2021-04-12T12:01:20","guid":{"rendered":"http:\/\/artyci.com\/?page_id=3330"},"modified":"2025-03-11T09:00:00","modified_gmt":"2025-03-11T08:00:00","slug":"pangea","status":"publish","type":"page","link":"https:\/\/artyci.com\/en\/pangea\/","title":{"rendered":"Pangea"},"content":{"rendered":"<p><span style=\"color: #008000;\"><strong><a href=\"http:\/\/artyci.com\/wp-content\/uploads\/2025\/03\/pangea2_uzke.jpg\"><img loading=\"lazy\" decoding=\"async\" class=\"alignnone wp-image-4679\" src=\"http:\/\/artyci.com\/wp-content\/uploads\/2025\/03\/pangea2_uzke.jpg\" alt=\"\" width=\"696\" height=\"315\" srcset=\"https:\/\/artyci.com\/wp-content\/uploads\/2025\/03\/pangea2_uzke.jpg 698w, https:\/\/artyci.com\/wp-content\/uploads\/2025\/03\/pangea2_uzke-300x136.jpg 300w\" sizes=\"auto, (max-width: 696px) 100vw, 696px\" \/><\/a><br \/>\nPangea Center \u2013 A Small Paradise in the Heart of the Eagle Mountains!<\/strong><\/span><\/p>\n<p>A beautiful, secluded place surrounded by meadows, forests, and a deep, starry night sky. Ideal for those seeking an escape from daily worries, a return to themselves, rest, and a deeper connection with nature. It also offers space for contemplation, meditation, study, or a peaceful environment for creative work.<\/p>\n<p>We built the center with the aim of connecting art, personal development, alternative medicine, nature, and relaxation.<\/p>\n<p><span style=\"color: #008000;\"><strong>The Center is a Place for:<\/strong><\/span><\/p>\n<ul>\n<li>Intimate residencies focused on artistic creation or research<\/li>\n<li>Small performances and informal presentations<\/li>\n<li>Training and summer schools (dance, Qi Gong, Nei Gong, archery\u2026)<\/li>\n<li>Meditation retreats<\/li>\n<li>Relaxation and recharging energy<\/li>\n<li>Or simply staying in nature<\/li>\n<\/ul>\n<p><span style=\"color: #008000;\"><strong>We Live Here, but We Also Offer the Center for:<\/strong><\/span><\/p>\n<ul>\n<li>Renting the center for residencies, workshops, and retreats (accommodation for 10\u201312 people)<\/li>\n<li>Renting a separate studio for recreational purposes (with the possibility of therapy or practice) \u2013 more information<\/li>\n<li>Therapy or exercise sessions even if you are not staying with us \u2013 more information<\/li>\n<li>A base for Shinrin-yoku forest therapy \u2013 more information<\/li>\n<\/ul>\n<p><a href=\"https:\/\/artyci.com\/en\/category\/galeria-pangea\/\">For a visual impression, take a look at the gallery.<\/a><\/p>\n<p><span style=\"color: #008000;\"><strong>Location &amp; Accessibility<\/strong><\/span><\/p>\n<p>Although we are &#8220;in the middle of the forest,&#8221; the place is easily accessible by car and bus. Arriving by car is hassle-free, even in winter. The nearest village is Dob\u0159any (1.5 km), and De\u0161tn\u00e9 in the Eagle Mountains, a well-known ski and tourist resort, is only 6 km away.<\/p>\n<p>From Pangea, you can easily reach many beautiful places in the surroundings: Orlick\u00e9 Z\u00e1ho\u0159\u00ed, the church in Neratov, Rokytnice in the Eagle Mountains, Nov\u00e9 M\u011bsto nad Metuj\u00ed, or Opo\u010dno. Poland is just over the hill \u2013 Kudowa Zdr\u00f3j (with museums, spas, and cozy caf\u00e9s), the Japanese garden in Jark\u00f3w, or the Table Mountains.<\/p>\n<p><span style=\"color: #008000;\"><strong>We look forward to welcoming you!<\/strong><\/span><\/p>\n<p><span style=\"color: #008000;\"><strong>Zuna &amp; Milan<\/strong><\/span><\/p>\n<p>&nbsp;<\/p>\n<p><iframe loading=\"lazy\" style=\"border: none;\" src=\"https:\/\/sk.frame.mapy.cz\/s\/levejukobu\" width=\"800\" height=\"350\" frameborder=\"0\" data-mce-fragment=\"1\"><\/iframe><\/p>\n<hr \/>\n<p><span style=\"color: #008000;\"><strong>Explore more our pages:<\/strong><\/span><br \/>\n<a href=\"https:\/\/artyci.com\/en\/apartman\/\">renting our studio<\/a><br \/>\n<a href=\"https:\/\/artyci.com\/en\/terapie\/\">therapies<\/a><br \/>\n<a href=\"https:\/\/artyci.com\/en\/lesny-kupel\/\">forest bathing shinrin-yoku<\/a><br \/>\n<a href=\"https:\/\/artyci.com\/en\/category\/galeria-pangea\/\">pangea g<\/a><a href=\"https:\/\/artyci.com\/category\/galeria-pangea\/\">allery<\/a><\/p>","protected":false},"excerpt":{"rendered":"<p>Pangea Center \u2013 A Small Paradise in the Heart of the Eagle Mountains! A beautiful, secluded place surrounded by meadows, forests, and a deep, starry night sky. Ideal for those seeking an escape from daily worries, a return to themselves,<\/p>\n","protected":false},"author":2,"featured_media":4360,"parent":0,"menu_order":0,"comment_status":"closed","ping_status":"closed","template":"","meta":{"footnotes":""},"class_list":["post-3330","page","type-page","status-publish","has-post-thumbnail","hentry"],"_links":{"self":[{"href":"https:\/\/artyci.com\/en\/wp-json\/wp\/v2\/pages\/3330","targetHints":{"allow":["GET"]}}],"collection":[{"href":"https:\/\/artyci.com\/en\/wp-json\/wp\/v2\/pages"}],"about":[{"href":"https:\/\/artyci.com\/en\/wp-json\/wp\/v2\/types\/page"}],"author":[{"embeddable":true,"href":"https:\/\/artyci.com\/en\/wp-json\/wp\/v2\/users\/2"}],"replies":[{"embeddable":true,"href":"https:\/\/artyci.com\/en\/wp-json\/wp\/v2\/comments?post=3330"}],"version-history":[{"count":16,"href":"https:\/\/artyci.com\/en\/wp-json\/wp\/v2\/pages\/3330\/revisions"}],"predecessor-version":[{"id":4706,"href":"https:\/\/artyci.com\/en\/wp-json\/wp\/v2\/pages\/3330\/revisions\/4706"}],"wp:featuredmedia":[{"embeddable":true,"href":"https:\/\/artyci.com\/en\/wp-json\/wp\/v2\/media\/4360"}],"wp:attachment":[{"href":"https:\/\/artyci.com\/en\/wp-json\/wp\/v2\/media?parent=3330"}],"curies":[{"name":"wp","href":"https:\/\/api.w.org\/{rel}","templated":true}]}}