{"id":2031,"date":"2018-11-10T18:58:28","date_gmt":"2018-11-10T17:58:28","guid":{"rendered":"http:\/\/artyci.com\/?page_id=2031"},"modified":"2026-04-15T08:14:43","modified_gmt":"2026-04-15T06:14:43","slug":"tanec-roznych-kultur","status":"publish","type":"page","link":"https:\/\/artyci.com\/en\/blog\/tanec-roznych-kultur\/","title":{"rendered":"(Sloven\u010dina) tanec r\u00f4znych kult\u00far"},"content":{"rendered":"<p class=\"qtranxs-available-languages-message qtranxs-available-languages-message-en\">Sorry, this entry is only available in <a href=\"https:\/\/artyci.com\/sk\/wp-json\/wp\/v2\/pages\/2031\" class=\"qtranxs-available-language-link qtranxs-available-language-link-sk\" title=\"Sloven\u010dina\">Sloven\u010dina<\/a>.<\/p>","protected":false},"excerpt":{"rendered":"","protected":false},"author":2,"featured_media":0,"parent":198,"menu_order":0,"comment_status":"closed","ping_status":"closed","template":"","meta":{"footnotes":""},"class_list":["post-2031","page","type-page","status-publish","hentry"],"_links":{"self":[{"href":"https:\/\/artyci.com\/en\/wp-json\/wp\/v2\/pages\/2031","targetHints":{"allow":["GET"]}}],"collection":[{"href":"https:\/\/artyci.com\/en\/wp-json\/wp\/v2\/pages"}],"about":[{"href":"https:\/\/artyci.com\/en\/wp-json\/wp\/v2\/types\/page"}],"author":[{"embeddable":true,"href":"https:\/\/artyci.com\/en\/wp-json\/wp\/v2\/users\/2"}],"replies":[{"embeddable":true,"href":"https:\/\/artyci.com\/en\/wp-json\/wp\/v2\/comments?post=2031"}],"version-history":[{"count":1,"href":"https:\/\/artyci.com\/en\/wp-json\/wp\/v2\/pages\/2031\/revisions"}],"predecessor-version":[{"id":2032,"href":"https:\/\/artyci.com\/en\/wp-json\/wp\/v2\/pages\/2031\/revisions\/2032"}],"up":[{"embeddable":true,"href":"https:\/\/artyci.com\/en\/wp-json\/wp\/v2\/pages\/198"}],"wp:attachment":[{"href":"https:\/\/artyci.com\/en\/wp-json\/wp\/v2\/media?parent=2031"}],"curies":[{"name":"wp","href":"https:\/\/api.w.org\/{rel}","templated":true}]}}