{"id":198,"date":"2018-08-21T12:53:51","date_gmt":"2018-08-21T10:53:51","guid":{"rendered":"http:\/\/artyci.com\/new\/?page_id=198"},"modified":"2019-08-10T09:34:43","modified_gmt":"2019-08-10T07:34:43","slug":"blog","status":"publish","type":"page","link":"https:\/\/artyci.com\/en\/blog\/","title":{"rendered":"Blog"},"content":{"rendered":"<p><\/p>\n<h4><span style=\"color: #008000;\"><strong>\u00a0<\/strong><\/span><\/h4>\n<p>\r\n\t\t<div class=\"sp_wpspwpost_static wpspw-design-2 wpspw-grid-3 wpspw-clearfix \">\r\n\r\n\t\t\t\r\n<div class=\"wpspw-post-grid wpspw-medium-4 wpspw-columns first\">\r\n\t<div class=\"wpspw-post-grid-content  \">\r\n\r\n\t\t\t\t\t<div class=\"wpspw-post-image-bg\">\r\n\t\t\t\t<a href=\"https:\/\/artyci.com\/en\/predslov-ku-knihe\/\">\r\n\t\t\t\t\t<img decoding=\"async\" src=\"https:\/\/artyci.com\/wp-content\/uploads\/2024\/02\/24_2.png\" alt=\"Foreword to The Tao of Movement\" \/>\r\n\t\t\t\t<\/a>\r\n\t\t\t\t\t\t\t<\/div>\r\n\t\t\r\n\t\t<div class=\"wpspw-post-details-wrapper\">\r\n\t\t\t\r\n\t\t\t<h2 class=\"wpspw-post-title\">\r\n\t\t\t\t<a href=\"https:\/\/artyci.com\/en\/predslov-ku-knihe\/\">Foreword to The Tao of Movement<\/a>\r\n\t\t\t<\/h2>\r\n\r\n\t\t\t\t\t\t\t<div class=\"wpspw-post-content\">\r\n\t\t\t\t\t\t\t\t\t\t\t<div>Foreword by\u00a0Charlie Brittain I first met Zuna in Belgium, at an international dance festival where we were both teaching at...<\/div>\r\n\t\t\t\t\t\t<a class=\"wpspw-readmorebtn\" href=\"https:\/\/artyci.com\/en\/predslov-ku-knihe\/\">Read More<\/a>\r\n\t\t\t\t\t\t\t\t\t\t<\/div>\r\n\t\t\t\t\t<\/div>\r\n\t<\/div>\r\n<\/div>\r\n<div class=\"wpspw-post-grid wpspw-medium-4 wpspw-columns \">\r\n\t<div class=\"wpspw-post-grid-content  \">\r\n\r\n\t\t\t\t\t<div class=\"wpspw-post-image-bg\">\r\n\t\t\t\t<a href=\"https:\/\/artyci.com\/en\/english-meridians-in-movement\/\">\r\n\t\t\t\t\t<img decoding=\"async\" src=\"https:\/\/artyci.com\/wp-content\/uploads\/2018\/09\/a.07.jpg\" alt=\"Meridians in movement\" \/>\r\n\t\t\t\t<\/a>\r\n\t\t\t\t\t\t\t<\/div>\r\n\t\t\r\n\t\t<div class=\"wpspw-post-details-wrapper\">\r\n\t\t\t\r\n\t\t\t<h2 class=\"wpspw-post-title\">\r\n\t\t\t\t<a href=\"https:\/\/artyci.com\/en\/english-meridians-in-movement\/\">Meridians in movement<\/a>\r\n\t\t\t<\/h2>\r\n\r\n\t\t\t\t\t\t\t<div class=\"wpspw-post-content\">\r\n\t\t\t\t\t\t\t\t\t\t\t<div>Written by_ Zuna Vesan 2017 Translated by_\u017dubra \u017dubretovsk\u00e1 2021 In my pedagogical practice I have been working in improvisation with...<\/div>\r\n\t\t\t\t\t\t<a class=\"wpspw-readmorebtn\" href=\"https:\/\/artyci.com\/en\/english-meridians-in-movement\/\">Read More<\/a>\r\n\t\t\t\t\t\t\t\t\t\t<\/div>\r\n\t\t\t\t\t<\/div>\r\n\t<\/div>\r\n<\/div>\r\n<div class=\"wpspw-post-grid wpspw-medium-4 wpspw-columns \">\r\n\t<div class=\"wpspw-post-grid-content  \">\r\n\r\n\t\t\t\t\t<div class=\"wpspw-post-image-bg\">\r\n\t\t\t\t<a href=\"https:\/\/artyci.com\/en\/english-enter-exit-on-stage\/\">\r\n\t\t\t\t\t<img decoding=\"async\" src=\"https:\/\/artyci.com\/wp-content\/uploads\/2021\/06\/enter-exit.jpg\" alt=\"Enter-exit (on stage)\" \/>\r\n\t\t\t\t<\/a>\r\n\t\t\t\t\t\t\t<\/div>\r\n\t\t\r\n\t\t<div class=\"wpspw-post-details-wrapper\">\r\n\t\t\t\r\n\t\t\t<h2 class=\"wpspw-post-title\">\r\n\t\t\t\t<a href=\"https:\/\/artyci.com\/en\/english-enter-exit-on-stage\/\">Enter-exit (on stage)<\/a>\r\n\t\t\t<\/h2>\r\n\r\n\t\t\t\t\t\t\t<div class=\"wpspw-post-content\">\r\n\t\t\t\t\t\t\t\t\t\t\t<div>Written by_ Zuna Vesan 2017 Translated by_\u017dubra \u017dubretovsk\u00e1 2021 Extract from the upcoming book TAO OF MOVEMENT As performers, we...<\/div>\r\n\t\t\t\t\t\t<a class=\"wpspw-readmorebtn\" href=\"https:\/\/artyci.com\/en\/english-enter-exit-on-stage\/\">Read More<\/a>\r\n\t\t\t\t\t\t\t\t\t\t<\/div>\r\n\t\t\t\t\t<\/div>\r\n\t<\/div>\r\n<\/div>\r\n<div class=\"wpspw-post-grid wpspw-medium-4 wpspw-columns first\">\r\n\t<div class=\"wpspw-post-grid-content  \">\r\n\r\n\t\t\t\t\t<div class=\"wpspw-post-image-bg\">\r\n\t\t\t\t<a href=\"https:\/\/artyci.com\/en\/musce\/\">\r\n\t\t\t\t\t<img decoding=\"async\" src=\"https:\/\/artyci.com\/wp-content\/uploads\/2021\/06\/muscles-1.jpg\" alt=\"Muscle zooming\" \/>\r\n\t\t\t\t<\/a>\r\n\t\t\t\t\t\t\t<\/div>\r\n\t\t\r\n\t\t<div class=\"wpspw-post-details-wrapper\">\r\n\t\t\t\r\n\t\t\t<h2 class=\"wpspw-post-title\">\r\n\t\t\t\t<a href=\"https:\/\/artyci.com\/en\/musce\/\">Muscle zooming<\/a>\r\n\t\t\t<\/h2>\r\n\r\n\t\t\t\t\t\t\t<div class=\"wpspw-post-content\">\r\n\t\t\t\t\t\t\t\t\t\t\t<div>Written by_ Zuna Vesan 2017 Translated by_\u017dubra \u017dubretovsk\u00e1 2021 Extract from the upcoming book TAO OF MOVEMENT Spleen \u2013 the...<\/div>\r\n\t\t\t\t\t\t<a class=\"wpspw-readmorebtn\" href=\"https:\/\/artyci.com\/en\/musce\/\">Read More<\/a>\r\n\t\t\t\t\t\t\t\t\t\t<\/div>\r\n\t\t\t\t\t<\/div>\r\n\t<\/div>\r\n<\/div>\r\n<div class=\"wpspw-post-grid wpspw-medium-4 wpspw-columns \">\r\n\t<div class=\"wpspw-post-grid-content  \">\r\n\r\n\t\t\t\t\t<div class=\"wpspw-post-image-bg\">\r\n\t\t\t\t<a href=\"https:\/\/artyci.com\/en\/english-our-hardware-in-the-bones\/\">\r\n\t\t\t\t\t<img decoding=\"async\" src=\"https:\/\/artyci.com\/wp-content\/uploads\/2021\/06\/bones.jpg\" alt=\"Our hardware in the bones\" \/>\r\n\t\t\t\t<\/a>\r\n\t\t\t\t\t\t\t<\/div>\r\n\t\t\r\n\t\t<div class=\"wpspw-post-details-wrapper\">\r\n\t\t\t\r\n\t\t\t<h2 class=\"wpspw-post-title\">\r\n\t\t\t\t<a href=\"https:\/\/artyci.com\/en\/english-our-hardware-in-the-bones\/\">Our hardware in the bones<\/a>\r\n\t\t\t<\/h2>\r\n\r\n\t\t\t\t\t\t\t<div class=\"wpspw-post-content\">\r\n\t\t\t\t\t\t\t\t\t\t\t<div>Written by_ Zuna Vesan 2017 Translated by_\u017dubra \u017dubretovsk\u00e1 2021 Extract from the upcoming book TAO OF MOVEMENT - the WATTER...<\/div>\r\n\t\t\t\t\t\t<a class=\"wpspw-readmorebtn\" href=\"https:\/\/artyci.com\/en\/english-our-hardware-in-the-bones\/\">Read More<\/a>\r\n\t\t\t\t\t\t\t\t\t\t<\/div>\r\n\t\t\t\t\t<\/div>\r\n\t<\/div>\r\n<\/div>\r\n<div class=\"wpspw-post-grid wpspw-medium-4 wpspw-columns \">\r\n\t<div class=\"wpspw-post-grid-content  \">\r\n\r\n\t\t\t\t\t<div class=\"wpspw-post-image-bg\">\r\n\t\t\t\t<a href=\"https:\/\/artyci.com\/en\/english-the-corporeal-soul-the-po\/\">\r\n\t\t\t\t\t<img decoding=\"async\" src=\"https:\/\/artyci.com\/wp-content\/uploads\/2021\/06\/Body-Soul-Spirit.jpg\" alt=\"The Corporeal Soul &#8211; The Po\" \/>\r\n\t\t\t\t<\/a>\r\n\t\t\t\t\t\t\t<\/div>\r\n\t\t\r\n\t\t<div class=\"wpspw-post-details-wrapper\">\r\n\t\t\t\r\n\t\t\t<h2 class=\"wpspw-post-title\">\r\n\t\t\t\t<a href=\"https:\/\/artyci.com\/en\/english-the-corporeal-soul-the-po\/\">The Corporeal Soul &#8211; The Po<\/a>\r\n\t\t\t<\/h2>\r\n\r\n\t\t\t\t\t\t\t<div class=\"wpspw-post-content\">\r\n\t\t\t\t\t\t\t\t\t\t\t<div>Written by_ Zuna Vesan 2017 Translated by_\u017dubra \u017dubretovsk\u00e1 2021 Extract from the upcoming book TAO OF MOVEMENT - the METAL...<\/div>\r\n\t\t\t\t\t\t<a class=\"wpspw-readmorebtn\" href=\"https:\/\/artyci.com\/en\/english-the-corporeal-soul-the-po\/\">Read More<\/a>\r\n\t\t\t\t\t\t\t\t\t\t<\/div>\r\n\t\t\t\t\t<\/div>\r\n\t<\/div>\r\n<\/div>\r\n<div class=\"wpspw-post-grid wpspw-medium-4 wpspw-columns first\">\r\n\t<div class=\"wpspw-post-grid-content  \">\r\n\r\n\t\t\t\t\t<div class=\"wpspw-post-image-bg\">\r\n\t\t\t\t<a href=\"https:\/\/artyci.com\/en\/english-tendons-and-grace-of-movement\/\">\r\n\t\t\t\t\t<img decoding=\"async\" src=\"https:\/\/artyci.com\/wp-content\/uploads\/2019\/03\/antilopka.jpg\" alt=\"Tendons and grace of movement\" \/>\r\n\t\t\t\t<\/a>\r\n\t\t\t\t\t\t\t<\/div>\r\n\t\t\r\n\t\t<div class=\"wpspw-post-details-wrapper\">\r\n\t\t\t\r\n\t\t\t<h2 class=\"wpspw-post-title\">\r\n\t\t\t\t<a href=\"https:\/\/artyci.com\/en\/english-tendons-and-grace-of-movement\/\">Tendons and grace of movement<\/a>\r\n\t\t\t<\/h2>\r\n\r\n\t\t\t\t\t\t\t<div class=\"wpspw-post-content\">\r\n\t\t\t\t\t\t\t\t\t\t\t<div>Written by_ Zuna Vesan 2017 Translated by_\u017dubra \u017dubretovsk\u00e1 2021 Extracts from the upcoming book TAO OF MOVEMENT &nbsp; Achilles tendon...<\/div>\r\n\t\t\t\t\t\t<a class=\"wpspw-readmorebtn\" href=\"https:\/\/artyci.com\/en\/english-tendons-and-grace-of-movement\/\">Read More<\/a>\r\n\t\t\t\t\t\t\t\t\t\t<\/div>\r\n\t\t\t\t\t<\/div>\r\n\t<\/div>\r\n<\/div>\r\n<div class=\"wpspw-post-grid wpspw-medium-4 wpspw-columns \">\r\n\t<div class=\"wpspw-post-grid-content  \">\r\n\r\n\t\t\t\t\t<div class=\"wpspw-post-image-bg\">\r\n\t\t\t\t<a href=\"https:\/\/artyci.com\/en\/english-tendon-injuries-and-their-treatment\/\">\r\n\t\t\t\t\t<img decoding=\"async\" src=\"https:\/\/artyci.com\/wp-content\/uploads\/2021\/06\/acchiles.jpg\" alt=\"Tendon injuries and their treatment\" \/>\r\n\t\t\t\t<\/a>\r\n\t\t\t\t\t\t\t<\/div>\r\n\t\t\r\n\t\t<div class=\"wpspw-post-details-wrapper\">\r\n\t\t\t\r\n\t\t\t<h2 class=\"wpspw-post-title\">\r\n\t\t\t\t<a href=\"https:\/\/artyci.com\/en\/english-tendon-injuries-and-their-treatment\/\">Tendon injuries and their treatment<\/a>\r\n\t\t\t<\/h2>\r\n\r\n\t\t\t\t\t\t\t<div class=\"wpspw-post-content\">\r\n\t\t\t\t\t\t\t\t\t\t\t<div>Written by_ Zuna Vesan 2017 Translated by_\u017dubra \u017dubretovsk\u00e1 2021 Extract from the upcoming book TAO OF MOVEMENT Tendon damage is...<\/div>\r\n\t\t\t\t\t\t<a class=\"wpspw-readmorebtn\" href=\"https:\/\/artyci.com\/en\/english-tendon-injuries-and-their-treatment\/\">Read More<\/a>\r\n\t\t\t\t\t\t\t\t\t\t<\/div>\r\n\t\t\t\t\t<\/div>\r\n\t<\/div>\r\n<\/div>\r\n<div class=\"wpspw-post-grid wpspw-medium-4 wpspw-columns \">\r\n\t<div class=\"wpspw-post-grid-content  \">\r\n\r\n\t\t\t\t\t<div class=\"wpspw-post-image-bg\">\r\n\t\t\t\t<a href=\"https:\/\/artyci.com\/en\/english-spine-the-flowing-vertical-column\/\">\r\n\t\t\t\t\t<img decoding=\"async\" src=\"https:\/\/artyci.com\/wp-content\/uploads\/2019\/08\/Spina3.jpg\" alt=\"Spine &#8211; the &#8220;flowing&#8221; vertical column\" \/>\r\n\t\t\t\t<\/a>\r\n\t\t\t\t\t\t\t<\/div>\r\n\t\t\r\n\t\t<div class=\"wpspw-post-details-wrapper\">\r\n\t\t\t\r\n\t\t\t<h2 class=\"wpspw-post-title\">\r\n\t\t\t\t<a href=\"https:\/\/artyci.com\/en\/english-spine-the-flowing-vertical-column\/\">Spine &#8211; the &#8220;flowing&#8221; vertical column<\/a>\r\n\t\t\t<\/h2>\r\n\r\n\t\t\t\t\t\t\t<div class=\"wpspw-post-content\">\r\n\t\t\t\t\t\t\t\t\t\t\t<div>Text_Zuna Vesan_2017 Translated by \u017dubra \u017dubretovsk\u00e1_2021 Spine is the basic structural pillar of our body. Dancers should be aware of...<\/div>\r\n\t\t\t\t\t\t<a class=\"wpspw-readmorebtn\" href=\"https:\/\/artyci.com\/en\/english-spine-the-flowing-vertical-column\/\">Read More<\/a>\r\n\t\t\t\t\t\t\t\t\t\t<\/div>\r\n\t\t\t\t\t<\/div>\r\n\t<\/div>\r\n<\/div>\r\n<div class=\"wpspw-post-grid wpspw-medium-4 wpspw-columns first\">\r\n\t<div class=\"wpspw-post-grid-content  \">\r\n\r\n\t\t\t\t\t<div class=\"wpspw-post-image-bg\">\r\n\t\t\t\t<a href=\"https:\/\/artyci.com\/en\/english-yin-and-yang-in-the-world-of-motion\/\">\r\n\t\t\t\t\t<img decoding=\"async\" src=\"https:\/\/artyci.com\/wp-content\/uploads\/2019\/03\/yin-yang-1.jpg\" alt=\"Yin and Yang in the World of Motion\" \/>\r\n\t\t\t\t<\/a>\r\n\t\t\t\t\t\t\t<\/div>\r\n\t\t\r\n\t\t<div class=\"wpspw-post-details-wrapper\">\r\n\t\t\t\r\n\t\t\t<h2 class=\"wpspw-post-title\">\r\n\t\t\t\t<a href=\"https:\/\/artyci.com\/en\/english-yin-and-yang-in-the-world-of-motion\/\">Yin and Yang in the World of Motion<\/a>\r\n\t\t\t<\/h2>\r\n\r\n\t\t\t\t\t\t\t<div class=\"wpspw-post-content\">\r\n\t\t\t\t\t\t\t\t\t\t\t<div>Written by_Zuna Vesan_2016 Translated by \u017dubra \u017dubretovsk\u00e1_2021 The Yin and Yang concept is the basis of the Taoist philosophy. It...<\/div>\r\n\t\t\t\t\t\t<a class=\"wpspw-readmorebtn\" href=\"https:\/\/artyci.com\/en\/english-yin-and-yang-in-the-world-of-motion\/\">Read More<\/a>\r\n\t\t\t\t\t\t\t\t\t\t<\/div>\r\n\t\t\t\t\t<\/div>\r\n\t<\/div>\r\n<\/div>\r\n<div class=\"wpspw-post-grid wpspw-medium-4 wpspw-columns \">\r\n\t<div class=\"wpspw-post-grid-content  \">\r\n\r\n\t\t\t\t\t<div class=\"wpspw-post-image-bg\">\r\n\t\t\t\t<a href=\"https:\/\/artyci.com\/en\/english-the-knees-of-a-mover\/\">\r\n\t\t\t\t\t<img decoding=\"async\" src=\"https:\/\/artyci.com\/wp-content\/uploads\/2019\/03\/knee1.jpg\" alt=\"The knees of a mover\" \/>\r\n\t\t\t\t<\/a>\r\n\t\t\t\t\t\t\t<\/div>\r\n\t\t\r\n\t\t<div class=\"wpspw-post-details-wrapper\">\r\n\t\t\t\r\n\t\t\t<h2 class=\"wpspw-post-title\">\r\n\t\t\t\t<a href=\"https:\/\/artyci.com\/en\/english-the-knees-of-a-mover\/\">The knees of a mover<\/a>\r\n\t\t\t<\/h2>\r\n\r\n\t\t\t\t\t\t\t<div class=\"wpspw-post-content\">\r\n\t\t\t\t\t\t\t\t\t\t\t<div>Written by_Zuna Vesan_2016 Translated by \u017dubra \u017dubretovsk\u00e1_2021 Editing consultant Julianna Bloodgood-Habel Knees are the most commonly injured joints of dancers...<\/div>\r\n\t\t\t\t\t\t<a class=\"wpspw-readmorebtn\" href=\"https:\/\/artyci.com\/en\/english-the-knees-of-a-mover\/\">Read More<\/a>\r\n\t\t\t\t\t\t\t\t\t\t<\/div>\r\n\t\t\t\t\t<\/div>\r\n\t<\/div>\r\n<\/div>\r\n<div class=\"wpspw-post-grid wpspw-medium-4 wpspw-columns \">\r\n\t<div class=\"wpspw-post-grid-content  \">\r\n\r\n\t\t\t\t\t<div class=\"wpspw-post-image-bg\">\r\n\t\t\t\t<a href=\"https:\/\/artyci.com\/en\/slachy-a-ladnost-pohybu\/\">\r\n\t\t\t\t\t<img decoding=\"async\" src=\"https:\/\/artyci.com\/wp-content\/uploads\/2019\/03\/tendon.jpg\" alt=\"Tendons and Chinesse Medicine\" \/>\r\n\t\t\t\t<\/a>\r\n\t\t\t\t\t\t\t<\/div>\r\n\t\t\r\n\t\t<div class=\"wpspw-post-details-wrapper\">\r\n\t\t\t\r\n\t\t\t<h2 class=\"wpspw-post-title\">\r\n\t\t\t\t<a href=\"https:\/\/artyci.com\/en\/slachy-a-ladnost-pohybu\/\">Tendons and Chinesse Medicine<\/a>\r\n\t\t\t<\/h2>\r\n\r\n\t\t\t\t\t\t\t<div class=\"wpspw-post-content\">\r\n\t\t\t\t\t\t\t\t\t\t\t<div>Written by_ Zuna Vesan 2017 Translated by_\u017dubra \u017dubretovsk\u00e1 2021 Extract from the upcoming book TAO OF MOVEMENT ... So far,...<\/div>\r\n\t\t\t\t\t\t<a class=\"wpspw-readmorebtn\" href=\"https:\/\/artyci.com\/en\/slachy-a-ladnost-pohybu\/\">Read More<\/a>\r\n\t\t\t\t\t\t\t\t\t\t<\/div>\r\n\t\t\t\t\t<\/div>\r\n\t<\/div>\r\n<\/div>\r\n<div class=\"wpspw-post-grid wpspw-medium-4 wpspw-columns first\">\r\n\t<div class=\"wpspw-post-grid-content  \">\r\n\r\n\t\t\t\t\t<div class=\"wpspw-post-image-bg\">\r\n\t\t\t\t<a href=\"https:\/\/artyci.com\/en\/a-dancer-on-a-journey\/\">\r\n\t\t\t\t\t<img decoding=\"async\" src=\"https:\/\/artyci.com\/wp-content\/uploads\/2019\/02\/traveling-with-asthma-allergies-on-planes-or-trains.png\" alt=\"A dancer on a journey\" \/>\r\n\t\t\t\t<\/a>\r\n\t\t\t\t\t\t\t<\/div>\r\n\t\t\r\n\t\t<div class=\"wpspw-post-details-wrapper\">\r\n\t\t\t\r\n\t\t\t<h2 class=\"wpspw-post-title\">\r\n\t\t\t\t<a href=\"https:\/\/artyci.com\/en\/a-dancer-on-a-journey\/\">A dancer on a journey<\/a>\r\n\t\t\t<\/h2>\r\n\r\n\t\t\t\t\t\t\t<div class=\"wpspw-post-content\">\r\n\t\t\t\t\t\t\t\t\t\t\t<div>Written by Zuna Vesan_2016 Translated by \u017dubra \u017dubretovsk\u00e1_2021 Editing consultant Julianna Bloodgood-Habel The life of a dancer, especially a freelance...<\/div>\r\n\t\t\t\t\t\t<a class=\"wpspw-readmorebtn\" href=\"https:\/\/artyci.com\/en\/a-dancer-on-a-journey\/\">Read More<\/a>\r\n\t\t\t\t\t\t\t\t\t\t<\/div>\r\n\t\t\t\t\t<\/div>\r\n\t<\/div>\r\n<\/div>\r\n<div class=\"wpspw-post-grid wpspw-medium-4 wpspw-columns \">\r\n\t<div class=\"wpspw-post-grid-content  \">\r\n\r\n\t\t\t\t\t<div class=\"wpspw-post-image-bg\">\r\n\t\t\t\t<a href=\"https:\/\/artyci.com\/en\/english-an-interview-about-zunas-book\/\">\r\n\t\t\t\t\t<img decoding=\"async\" src=\"https:\/\/artyci.com\/wp-content\/uploads\/2019\/02\/zuna\u00b4s-book-copy.jpg\" alt=\"An interview about Zuna\u00b4s book\" \/>\r\n\t\t\t\t<\/a>\r\n\t\t\t\t\t\t\t<\/div>\r\n\t\t\r\n\t\t<div class=\"wpspw-post-details-wrapper\">\r\n\t\t\t\r\n\t\t\t<h2 class=\"wpspw-post-title\">\r\n\t\t\t\t<a href=\"https:\/\/artyci.com\/en\/english-an-interview-about-zunas-book\/\">An interview about Zuna\u00b4s book<\/a>\r\n\t\t\t<\/h2>\r\n\r\n\t\t\t\t\t\t\t<div class=\"wpspw-post-content\">\r\n\t\t\t\t\t\t\t\t\t\t\t<div>Written by Radana Kodetov\u00e1_2018 Translated by \u017dubra \u017dubretovsk\u00e1_2021 Photo by Zuzana \u0160tolcov\u00e1 Zuna, the author of the book \u201cThe TAO...<\/div>\r\n\t\t\t\t\t\t<a class=\"wpspw-readmorebtn\" href=\"https:\/\/artyci.com\/en\/english-an-interview-about-zunas-book\/\">Read More<\/a>\r\n\t\t\t\t\t\t\t\t\t\t<\/div>\r\n\t\t\t\t\t<\/div>\r\n\t<\/div>\r\n<\/div>\r\n<div class=\"wpspw-post-grid wpspw-medium-4 wpspw-columns \">\r\n\t<div class=\"wpspw-post-grid-content  \">\r\n\r\n\t\t\t\t\t<div class=\"wpspw-post-image-bg\">\r\n\t\t\t\t<a href=\"https:\/\/artyci.com\/en\/english-i-was-a-lightning-conductor-connecting-heaven-to-earth\/\">\r\n\t\t\t\t\t<img decoding=\"async\" src=\"https:\/\/artyci.com\/wp-content\/uploads\/2019\/01\/boris.jpg\" alt=\"I was a lightning conductor connecting heaven to earth\" \/>\r\n\t\t\t\t<\/a>\r\n\t\t\t\t\t\t\t<\/div>\r\n\t\t\r\n\t\t<div class=\"wpspw-post-details-wrapper\">\r\n\t\t\t\r\n\t\t\t<h2 class=\"wpspw-post-title\">\r\n\t\t\t\t<a href=\"https:\/\/artyci.com\/en\/english-i-was-a-lightning-conductor-connecting-heaven-to-earth\/\">I was a lightning conductor connecting heaven to earth<\/a>\r\n\t\t\t<\/h2>\r\n\r\n\t\t\t\t\t\t\t<div class=\"wpspw-post-content\">\r\n\t\t\t\t\t\t\t\t\t\t\t<div>Written by Kl\u00e1ra Alexov\u00e1_2019_translated by Annie Nov\u00e1\u010dkov\u00e1_photo by Carla Kogelman In December 2017, I attended the Female Tao Retreat at...<\/div>\r\n\t\t\t\t\t\t<a class=\"wpspw-readmorebtn\" href=\"https:\/\/artyci.com\/en\/english-i-was-a-lightning-conductor-connecting-heaven-to-earth\/\">Read More<\/a>\r\n\t\t\t\t\t\t\t\t\t\t<\/div>\r\n\t\t\t\t\t<\/div>\r\n\t<\/div>\r\n<\/div>\r\n<div class=\"wpspw-post-grid wpspw-medium-4 wpspw-columns first\">\r\n\t<div class=\"wpspw-post-grid-content  \">\r\n\r\n\t\t\t\t\t<div class=\"wpspw-post-image-bg\">\r\n\t\t\t\t<a href=\"https:\/\/artyci.com\/en\/english-moxa-in-the-dancers-first-aid-kit\/\">\r\n\t\t\t\t\t<img decoding=\"async\" src=\"https:\/\/artyci.com\/wp-content\/uploads\/2019\/01\/moxa.jpg\" alt=\"Moxa in the dancer&#8217;s first aid kit\" \/>\r\n\t\t\t\t<\/a>\r\n\t\t\t\t\t\t\t<\/div>\r\n\t\t\r\n\t\t<div class=\"wpspw-post-details-wrapper\">\r\n\t\t\t\r\n\t\t\t<h2 class=\"wpspw-post-title\">\r\n\t\t\t\t<a href=\"https:\/\/artyci.com\/en\/english-moxa-in-the-dancers-first-aid-kit\/\">Moxa in the dancer&#8217;s first aid kit<\/a>\r\n\t\t\t<\/h2>\r\n\r\n\t\t\t\t\t\t\t<div class=\"wpspw-post-content\">\r\n\t\t\t\t\t\t\t\t\t\t\t<div>Written by_Zuna Vesan_2016 Translated by \u017dubra \u017dubretovsk\u00e1_2021 Editing consultant Julianna Bloodgood-Habel During my work in China, I encountered moxa sticks...<\/div>\r\n\t\t\t\t\t\t<a class=\"wpspw-readmorebtn\" href=\"https:\/\/artyci.com\/en\/english-moxa-in-the-dancers-first-aid-kit\/\">Read More<\/a>\r\n\t\t\t\t\t\t\t\t\t\t<\/div>\r\n\t\t\t\t\t<\/div>\r\n\t<\/div>\r\n<\/div>\r\n<div class=\"wpspw-post-grid wpspw-medium-4 wpspw-columns \">\r\n\t<div class=\"wpspw-post-grid-content  \">\r\n\r\n\t\t\t\t\t<div class=\"wpspw-post-image-bg\">\r\n\t\t\t\t<a href=\"https:\/\/artyci.com\/en\/english-why-qigong-for-dancers\/\">\r\n\t\t\t\t\t<img decoding=\"async\" src=\"https:\/\/artyci.com\/wp-content\/uploads\/2018\/08\/qi_gong1.jpg\" alt=\"Why Qigong for dancers?\" \/>\r\n\t\t\t\t<\/a>\r\n\t\t\t\t\t\t\t<\/div>\r\n\t\t\r\n\t\t<div class=\"wpspw-post-details-wrapper\">\r\n\t\t\t\r\n\t\t\t<h2 class=\"wpspw-post-title\">\r\n\t\t\t\t<a href=\"https:\/\/artyci.com\/en\/english-why-qigong-for-dancers\/\">Why Qigong for dancers?<\/a>\r\n\t\t\t<\/h2>\r\n\r\n\t\t\t\t\t\t\t<div class=\"wpspw-post-content\">\r\n\t\t\t\t\t\t\t\t\t\t\t<div>Written by Zuna Vesan_2016 Translated by \u017dubra \u017dubretovsk\u00e1_2021 We have been integrating Qigong both into our teaching and our work...<\/div>\r\n\t\t\t\t\t\t<a class=\"wpspw-readmorebtn\" href=\"https:\/\/artyci.com\/en\/english-why-qigong-for-dancers\/\">Read More<\/a>\r\n\t\t\t\t\t\t\t\t\t\t<\/div>\r\n\t\t\t\t\t<\/div>\r\n\t<\/div>\r\n<\/div>\r\n<div class=\"wpspw-post-grid wpspw-medium-4 wpspw-columns \">\r\n\t<div class=\"wpspw-post-grid-content  \">\r\n\r\n\t\t\t\t\t<div class=\"wpspw-post-image-bg\">\r\n\t\t\t\t<a href=\"https:\/\/artyci.com\/en\/english-suspension-bardo-of-dance\/\">\r\n\t\t\t\t\t<img decoding=\"async\" src=\"https:\/\/artyci.com\/wp-content\/uploads\/2018\/03\/suspension.jpg\" alt=\"Suspension \u2013 Bardo of Dance\" \/>\r\n\t\t\t\t<\/a>\r\n\t\t\t\t\t\t\t<\/div>\r\n\t\t\r\n\t\t<div class=\"wpspw-post-details-wrapper\">\r\n\t\t\t\r\n\t\t\t<h2 class=\"wpspw-post-title\">\r\n\t\t\t\t<a href=\"https:\/\/artyci.com\/en\/english-suspension-bardo-of-dance\/\">Suspension \u2013 Bardo of Dance<\/a>\r\n\t\t\t<\/h2>\r\n\r\n\t\t\t\t\t\t\t<div class=\"wpspw-post-content\">\r\n\t\t\t\t\t\t\t\t\t\t\t<div>Written by Zuna Vesan_2009 Translated by \u017dubra \u017dubretovsk\u00e1_2021 When I started to discover the world of modern dance at age...<\/div>\r\n\t\t\t\t\t\t<a class=\"wpspw-readmorebtn\" href=\"https:\/\/artyci.com\/en\/english-suspension-bardo-of-dance\/\">Read More<\/a>\r\n\t\t\t\t\t\t\t\t\t\t<\/div>\r\n\t\t\t\t\t<\/div>\r\n\t<\/div>\r\n<\/div>\r\n<div class=\"wpspw-post-grid wpspw-medium-4 wpspw-columns first\">\r\n\t<div class=\"wpspw-post-grid-content  \">\r\n\r\n\t\t\t\t\t<div class=\"wpspw-post-image-bg\">\r\n\t\t\t\t<a href=\"https:\/\/artyci.com\/en\/english-a-dancers-dilemma-when-the-self-is-created-to-match-others-expectations\/\">\r\n\t\t\t\t\t<img decoding=\"async\" src=\"https:\/\/artyci.com\/wp-content\/uploads\/2018\/11\/18-6.jpg\" alt=\"A dancer\u2019s dilemma: when the self is created to match others\u2019 expectations\" \/>\r\n\t\t\t\t<\/a>\r\n\t\t\t\t\t\t\t<\/div>\r\n\t\t\r\n\t\t<div class=\"wpspw-post-details-wrapper\">\r\n\t\t\t\r\n\t\t\t<h2 class=\"wpspw-post-title\">\r\n\t\t\t\t<a href=\"https:\/\/artyci.com\/en\/english-a-dancers-dilemma-when-the-self-is-created-to-match-others-expectations\/\">A dancer\u2019s dilemma: when the self is created to match others\u2019 expectations<\/a>\r\n\t\t\t<\/h2>\r\n\r\n\t\t\t\t\t\t\t<div class=\"wpspw-post-content\">\r\n\t\t\t\t\t\t\t\t\t\t\t<div>Written by Kate Mattingly_2009 The conflict between reality and illusion is ever-present in an artist\u2019s career: dancers appear to be...<\/div>\r\n\t\t\t\t\t\t<a class=\"wpspw-readmorebtn\" href=\"https:\/\/artyci.com\/en\/english-a-dancers-dilemma-when-the-self-is-created-to-match-others-expectations\/\">Read More<\/a>\r\n\t\t\t\t\t\t\t\t\t\t<\/div>\r\n\t\t\t\t\t<\/div>\r\n\t<\/div>\r\n<\/div>\r\n\t\t\t\t\t<\/div>\r\n\r\n\t<\/p>","protected":false},"excerpt":{"rendered":"<p>\u00a0<\/p>\n","protected":false},"author":2,"featured_media":0,"parent":0,"menu_order":0,"comment_status":"closed","ping_status":"closed","template":"","meta":{"footnotes":""},"class_list":["post-198","page","type-page","status-publish","hentry"],"_links":{"self":[{"href":"https:\/\/artyci.com\/en\/wp-json\/wp\/v2\/pages\/198","targetHints":{"allow":["GET"]}}],"collection":[{"href":"https:\/\/artyci.com\/en\/wp-json\/wp\/v2\/pages"}],"about":[{"href":"https:\/\/artyci.com\/en\/wp-json\/wp\/v2\/types\/page"}],"author":[{"embeddable":true,"href":"https:\/\/artyci.com\/en\/wp-json\/wp\/v2\/users\/2"}],"replies":[{"embeddable":true,"href":"https:\/\/artyci.com\/en\/wp-json\/wp\/v2\/comments?post=198"}],"version-history":[{"count":22,"href":"https:\/\/artyci.com\/en\/wp-json\/wp\/v2\/pages\/198\/revisions"}],"predecessor-version":[{"id":2863,"href":"https:\/\/artyci.com\/en\/wp-json\/wp\/v2\/pages\/198\/revisions\/2863"}],"wp:attachment":[{"href":"https:\/\/artyci.com\/en\/wp-json\/wp\/v2\/media?parent=198"}],"curies":[{"name":"wp","href":"https:\/\/api.w.org\/{rel}","templated":true}]}}