{"id":1075,"date":"2018-10-22T17:33:51","date_gmt":"2018-10-22T15:33:51","guid":{"rendered":"http:\/\/artyci.com\/new\/?page_id=1075"},"modified":"2019-08-28T04:02:40","modified_gmt":"2019-08-28T02:02:40","slug":"c-lap","status":"publish","type":"page","link":"https:\/\/artyci.com\/en\/c-lap\/","title":{"rendered":"c\/lap"},"content":{"rendered":"<p><a href=\"http:\/\/artyci.com\/wp-content\/uploads\/2018\/08\/c-lap-slide.jpg\"><img loading=\"lazy\" decoding=\"async\" class=\" wp-image-887 alignleft\" src=\"http:\/\/artyci.com\/wp-content\/uploads\/2018\/08\/c-lap-slide-300x136.jpg\" alt=\"\" width=\"722\" height=\"327\" srcset=\"https:\/\/artyci.com\/wp-content\/uploads\/2018\/08\/c-lap-slide-300x136.jpg 300w, https:\/\/artyci.com\/wp-content\/uploads\/2018\/08\/c-lap-slide-768x348.jpg 768w, https:\/\/artyci.com\/wp-content\/uploads\/2018\/08\/c-lap-slide-1024x463.jpg 1024w, https:\/\/artyci.com\/wp-content\/uploads\/2018\/08\/c-lap-slide.jpg 1200w\" sizes=\"auto, (max-width: 722px) 100vw, 722px\" \/><\/a> c\/LAP Platform (contemporary\/LaboratoryAtelierPerformance) connects artists, who have similar work approach based on research and experiment.<\/p>\n<p>Its aim is to stimulate and generate creation of artists and artistic groups, to support their mutual interactions through workshops, artistic researches and laboratories, to enable their artistic growth and develop creative and innovative thinking about theatre and dance work within international context.<\/p>\n<p>Founders of c\/LAP are: Dance Company Artyci and the artistic group Honey&amp;Dust with their leaders: Milan Koz\u00e1nek and Andrej Kalinka.<\/p>\n<p>&nbsp;<\/p>\n<p>&nbsp;<\/p>\n<p><strong>Upcoming workshops<br \/>\n<\/strong><a href=\"http:\/\/artyci.com\/en\/english-tvorive-zdroje-performera\/\"><em>Creative sources of a performer<\/em> &#8211;\u00a0Milan Koz\u00e1nek &amp; Andrej Kalinka<\/a><br \/>\n9.\u2013 13.9. 2019 \/ Bratislava, Nov\u00e1 Cvernovka<\/p>\n<p><strong>Implemented workshops<\/strong><br \/>\n<em>Body as an Instrument<\/em> &#8211; Milan Koz\u00e1nek &amp; Andrej Kalinka \/ 7.-18.11. 2018, Bansk\u00e1 Bystrica (SK)<br \/>\n<em>From Anatomy to Composition<\/em> &#8211; Milan Koz\u00e1nek, Andrej Kalinka, Zebasti\u00e1n Mend\u00e9z Mar\u00edn, L\u00edvia Mend\u00e9z Mar\u00edn Bal\u00e1\u017eov\u00e1 \/ 31.10. \u2013 4.11. 2018, \u017dilina (SK)<br \/>\n<em>From Anatomy to Composition<\/em> \u2013 Milan Koz\u00e1nek &amp; Andrej Kalinka \/ 4.- 8. 7. 2018, \u017dilina (SK)<br \/>\n<em>Body as an Instrument<\/em> \u2013 Juliana Bloodgood-Habel, Rafal Habel &amp; Milan Koz\u00e1nek \/ 6.10. \u2013 11.10. 2017, Bratislava \u00a0(SK)<\/p>","protected":false},"excerpt":{"rendered":"<p>c\/LAP Platform (contemporary\/LaboratoryAtelierPerformance) connects artists, who have similar work approach based on research and experiment. Its aim is to stimulate and generate creation of artists and artistic groups, to support their mutual interactions through workshops, artistic researches and laboratories, to<\/p>\n","protected":false},"author":2,"featured_media":0,"parent":0,"menu_order":0,"comment_status":"closed","ping_status":"closed","template":"","meta":{"footnotes":""},"class_list":["post-1075","page","type-page","status-publish","hentry"],"_links":{"self":[{"href":"https:\/\/artyci.com\/en\/wp-json\/wp\/v2\/pages\/1075","targetHints":{"allow":["GET"]}}],"collection":[{"href":"https:\/\/artyci.com\/en\/wp-json\/wp\/v2\/pages"}],"about":[{"href":"https:\/\/artyci.com\/en\/wp-json\/wp\/v2\/types\/page"}],"author":[{"embeddable":true,"href":"https:\/\/artyci.com\/en\/wp-json\/wp\/v2\/users\/2"}],"replies":[{"embeddable":true,"href":"https:\/\/artyci.com\/en\/wp-json\/wp\/v2\/comments?post=1075"}],"version-history":[{"count":12,"href":"https:\/\/artyci.com\/en\/wp-json\/wp\/v2\/pages\/1075\/revisions"}],"predecessor-version":[{"id":2880,"href":"https:\/\/artyci.com\/en\/wp-json\/wp\/v2\/pages\/1075\/revisions\/2880"}],"wp:attachment":[{"href":"https:\/\/artyci.com\/en\/wp-json\/wp\/v2\/media?parent=1075"}],"curies":[{"name":"wp","href":"https:\/\/api.w.org\/{rel}","templated":true}]}}