{"id":5237,"date":"2025-10-02T19:32:29","date_gmt":"2025-10-02T17:32:29","guid":{"rendered":"http:\/\/artyci.com\/?page_id=5237"},"modified":"2026-02-01T17:08:32","modified_gmt":"2026-02-01T16:08:32","slug":"prednasky-o-taoizme","status":"publish","type":"page","link":"http:\/\/artyci.com\/en\/prednasky-o-taoizme\/","title":{"rendered":"(Sloven\u010dina) Predn\u00e1\u0161ky o taoizme"},"content":{"rendered":"<p class=\"qtranxs-available-languages-message qtranxs-available-languages-message-en\">Sorry, this entry is only available in <a href=\"http:\/\/artyci.com\/sk\/wp-json\/wp\/v2\/pages\/5237\" class=\"qtranxs-available-language-link qtranxs-available-language-link-sk\" title=\"Sloven\u010dina\">Sloven\u010dina<\/a>.<\/p>","protected":false},"excerpt":{"rendered":"<p>Sorry, this entry is only available in Sloven\u010dina.<\/p>\n","protected":false},"author":2,"featured_media":4662,"parent":0,"menu_order":0,"comment_status":"closed","ping_status":"closed","template":"","meta":{"footnotes":""},"class_list":["post-5237","page","type-page","status-publish","has-post-thumbnail","hentry"],"_links":{"self":[{"href":"http:\/\/artyci.com\/en\/wp-json\/wp\/v2\/pages\/5237","targetHints":{"allow":["GET"]}}],"collection":[{"href":"http:\/\/artyci.com\/en\/wp-json\/wp\/v2\/pages"}],"about":[{"href":"http:\/\/artyci.com\/en\/wp-json\/wp\/v2\/types\/page"}],"author":[{"embeddable":true,"href":"http:\/\/artyci.com\/en\/wp-json\/wp\/v2\/users\/2"}],"replies":[{"embeddable":true,"href":"http:\/\/artyci.com\/en\/wp-json\/wp\/v2\/comments?post=5237"}],"version-history":[{"count":0,"href":"http:\/\/artyci.com\/en\/wp-json\/wp\/v2\/pages\/5237\/revisions"}],"wp:featuredmedia":[{"embeddable":true,"href":"http:\/\/artyci.com\/en\/wp-json\/wp\/v2\/media\/4662"}],"wp:attachment":[{"href":"http:\/\/artyci.com\/en\/wp-json\/wp\/v2\/media?parent=5237"}],"curies":[{"name":"wp","href":"https:\/\/api.w.org\/{rel}","templated":true}]}}