{"id":4203,"date":"2025-01-17T13:27:28","date_gmt":"2025-01-17T12:27:28","guid":{"rendered":"https:\/\/artyci.com\/?page_id=4203"},"modified":"2025-03-14T10:04:33","modified_gmt":"2025-03-14T09:04:33","slug":"apartman","status":"publish","type":"page","link":"http:\/\/artyci.com\/en\/apartman\/","title":{"rendered":"Studio"},"content":{"rendered":"<div id=\"pl-4203\"  class=\"panel-layout\" ><div id=\"pg-4203-0\"  class=\"panel-grid panel-no-style\" ><div id=\"pgc-4203-0-0\"  class=\"panel-grid-cell\" ><div id=\"panel-4203-0-0-0\" class=\"so-panel widget widget_sow-editor panel-first-child panel-last-child\" data-index=\"0\" ><div\n\t\t\t\n\t\t\tclass=\"so-widget-sow-editor so-widget-sow-editor-base\"\n\t\t\t\n\t\t>\n<div class=\"siteorigin-widget-tinymce textwidget\">\n\t<\/p>\n<p><a href=\"http:\/\/artyci.com\/wp-content\/uploads\/2025\/03\/apartman_uzke-1.jpg\"><img loading=\"lazy\" decoding=\"async\" class=\"alignnone wp-image-4701\" src=\"http:\/\/artyci.com\/wp-content\/uploads\/2025\/03\/apartman_uzke-1.jpg\" alt=\"\" width=\"698\" height=\"316\" srcset=\"http:\/\/artyci.com\/wp-content\/uploads\/2025\/03\/apartman_uzke-1.jpg 970w, http:\/\/artyci.com\/wp-content\/uploads\/2025\/03\/apartman_uzke-1-300x136.jpg 300w, http:\/\/artyci.com\/wp-content\/uploads\/2025\/03\/apartman_uzke-1-768x348.jpg 768w\" sizes=\"auto, (max-width: 698px) 100vw, 698px\" \/><\/a><\/p>\n<p><span style=\"color: #008000;\"><strong>We offer a Studio in a wooden eco-house in the seclusion of the Eagle Mountains<\/strong><\/span><\/p>\n<p>A beautiful, secluded retreat in the heart of the Eagle Mountains, surrounded by meadows, forests, and a deep, starry night sky. Ideal for those seeking an escape from daily worries, a return to themselves, relaxation, and a deeper connection with nature. Perfect for contemplation, meditation, or study. Individual lessons in Qi Gong or meditation, as well as Shiatsu treatments, Reiki, or acupuncture, are available upon request.<\/p>\n<p><span style=\"color: #008000;\"><strong>The Space<\/strong><\/span><\/p>\n<p>A private studio in a modern ecological wooden house with clay plaster walls. From the windows and terrace, you can enjoy breathtaking views of the sunrise and sunset. The location offers excellent opportunities for hiking and cycling. In winter, the nearest ski resort is in De\u0161tn\u00e9 in the Orlick\u00e9 Mountains.<\/p>\n<hr \/>\n<p><span style=\"color: #008000;\"><strong>Interior Charm<\/strong><\/span><\/p>\n<p>The combination of wood and clay creates a cozy and calming atmosphere. The studio is furnished in a modern yet sensitive style inspired by <em>hygge<\/em>. The space includes a bedroom with a double bed, a fully equipped kitchenette, and a bathroom. A private terrace overlooks a garden pond, making it perfect for watching sunsets or the night sky.<\/p>\n<p><a href=\"https:\/\/artyci.com\/en\/apartmanpangeagalleria\/\">Take a look at the gallery.<\/a><\/p>\n<hr \/>\n<p><span style=\"color: #008000;\"><strong>Exterior<\/strong><\/span><\/p>\n<p>Guests can enjoy outdoor seating under the trees, a garden fire pit, or a barbecue grill.<\/p>\n<p><a href=\"https:\/\/artyci.com\/en\/z-centra\/\">Take a look at the gallery.<\/a><\/p>\n<hr \/>\n<p><span style=\"color: #008000;\"><strong>Price<\/strong><\/span><\/p>\n<ul>\n<li>\u20ac70 (for two people per night)<\/li>\n<li>\u20ac45 (for one person per night)<\/li>\n<li>20% discount for weekly stays<\/li>\n<li>\u20ac450 per month (a monthly rental for this price is not possible during the summer holidays - July, August)<\/li>\n<\/ul>\n<hr \/>\n<p><span style=\"color: #008000;\"><strong>Additional Services<\/strong><\/span><\/p>\n<p>Upon request, guests can arrange Shiatsu treatments, Reiki, or acupuncture, or individual Qi Gong or meditation lessons.<br \/>\n<a href=\"https:\/\/artyci.com\/en\/terapie\/\">More information here.<\/a><\/p>\n<p>We also offer Shinrin-yoku forest therapy.<br data-start=\"42\" data-end=\"45\" \/><a href=\"https:\/\/artyci.com\/en\/lesny-kupel\/\">More information and the gallery can be found here.<\/a><\/p>\n<hr \/>\n<p><span style=\"color: #008000;\"><strong>Location &amp; Accessibility<\/strong><\/span><\/p>\n<p>Despite its secluded forest location, the studio is easily accessible by car and bus. The road remains passable even in winter.<br \/>\nThe nearest village is Dob\u0159any (1.5 km), where you\u2019ll find a small shop. Additional services and amenities are available in De\u0161tn\u00e9 in the Orlick\u00e9 Mountains (6 km).<\/p>\n<hr \/>\n<p><span style=\"color: #008000;\"><strong>Nearby Attractions<\/strong><\/span><\/p>\n<p>Many beautiful places are within easy reach:<\/p>\n<ul>\n<li><strong>Orlick\u00e9 Z\u00e1ho\u0159\u00ed<\/strong><\/li>\n<li><strong>Neratov Church<\/strong><\/li>\n<li><strong>Rokytnice in the Orlick\u00e9 Mountains<\/strong><\/li>\n<li><strong>Nov\u00e9 M\u011bsto nad Metuj\u00ed<\/strong><\/li>\n<li><strong>Opo\u010dno<\/strong><\/li>\n<\/ul>\n<p>Poland is just over the hill, offering:<\/p>\n<ul>\n<li><strong>Kudowa Zdr\u00f3j<\/strong> (museums, spas, and cozy caf\u00e9s)<\/li>\n<li><strong>The Japanese Garden in Jark\u00f3w<\/strong><\/li>\n<li><strong>Table Mountains (Stolowe Mountains)<\/strong><\/li>\n<\/ul>\n<hr \/>\n<p><span style=\"color: #008000;\"><strong>Contact<\/strong><\/span><\/p>\n<p>Zuna a Milan +420 776 179 330<\/p>\n<p><a href=\"mailto:artyci@artyci.com\">artyci@artyci.com<\/a><\/p>\n<p><iframe loading=\"lazy\" style=\"border: none;\" src=\"https:\/\/sk.frame.mapy.cz\/s\/levejukobu\" width=\"800\" height=\"350\" frameborder=\"0\"><\/iframe><\/p>\n<p><span style=\"color: #008000;\"><strong>Explore more our pages:<\/strong><\/span><br \/>\n<a href=\"https:\/\/artyci.com\/en\/terapie\/\">therapies<\/a><br \/>\n<a href=\"https:\/\/artyci.com\/en\/lesny-kupel\/\">forest bathing shinrin-yoku<\/a><br \/>\n<a href=\"https:\/\/artyci.com\/en\/category\/galeria-pangea\/\">pangea g<\/a><a href=\"https:\/\/artyci.com\/category\/galeria-pangea\/\">allery<\/a><br \/>\n<a href=\"https:\/\/artyci.com\/en\/centrum\/\">pangea center<\/a><\/p>\n<p>&nbsp;<\/p>\n<\/div>\n<\/div><\/div><\/div><div id=\"pgc-4203-0-1\"  class=\"panel-grid-cell\" ><div id=\"panel-4203-0-1-0\" class=\"so-panel widget widget_sow-editor panel-first-child panel-last-child\" data-index=\"1\" ><div\n\t\t\t\n\t\t\tclass=\"so-widget-sow-editor so-widget-sow-editor-base\"\n\t\t\t\n\t\t>\n<div class=\"siteorigin-widget-tinymce textwidget\">\n\t <div id=\"form_id234454068288\"  class=\"wpbc_container wpbc_form wpbc_container_booking_form  \" ><form  id=\"booking_form1\"   class=\"booking_form vertical\" method=\"post\" action=\"\"><div id=\"ajax_respond_insert1\" class=\"ajax_respond_insert\" style=\"display:none;\"><\/div><a name=\"bklnk1\" id=\"bklnk1\"><\/a><div id=\"booking_form_div1\" class=\"booking_form_div\"><style type=\"text\/css\">.wpbc_container_booking_form .block_hints, .wpbc_booking_form_simple.wpbc_form_center .wpbc__form__div .wpbc__row.wpbc_r_calendar,  .wpbc_booking_form_simple .wpbc__form__div .wpbc__row:not(.wpbc_r_calendar){max-width:440px;} <\/style>\n<div class=\"wpbc_booking_form_simple \">\n<div class=\"wpbc__row\">\n  <div class=\"wpbc__field\">\n    <div class=\"wpbc_calendar_wraper wpbc_change_over_triangle\"><div class=\"wpbc_cal_container bk_calendar_frame wpbc_no_custom_width  months_num_in_row_ cal_month_num_1\" style=\"\"><div id=\"calendar_booking1\">Calendar is loading...<\/div><\/div><div style=\"font-size:7px;text-align:left;margin:0 0 10px;text-shadow: none;\">Powered by <a href=\"https:\/\/wpbookingcalendar.com\" style=\"font-size:7px;\" target=\"_blank\" title=\"Booking Calendar plugin for WordPress\">Booking Calendar<\/a><\/div><textarea id=\"date_booking1\" name=\"date_booking1\" autocomplete=\"off\" style=\"display:none;\"><\/textarea><div class=\"block_hints datepick \"><div class=\"wpdev_hint_with_text\"><div class=\"block_free datepick-days-cell\"><a>14<\/a><\/div><div class=\"block_text\">- <\/div><div class=\"block_text\">K dispoz\u00edcii (Free)<\/div><\/div><div class=\"wpdev_hint_with_text\"><div class=\"block_booked date_approved\">14<\/div><div class=\"block_text\">- <\/div><div class=\"block_text\">Obsaden\u00e9 (Booked)<\/div><\/div><div class=\"wpdev_hint_with_text\"><div class=\"block_pending date2approve\">14<\/div><div class=\"block_text\">- <\/div><div class=\"block_text\">\u010cakaj\u00face (Waitting)<\/div><\/div><\/div><\/div>\n  <\/div>\n  <div class=\"wpbc__field\">\n    <div class=\"wpbc__form__div\">\n\t<div class=\"wpbc__row\">\n      <div class=\"wpbc_r_name wpbc__field\">  <label for=\"name1\">Meno (Name)*:<\/label><br>   <input type=\"text\" name=\"name1\" id=\"name1\" class=\"input-xlarge wpdev-validates-as-required\" \/><\/div>\n\t<\/div>\n\t<div class=\"wpbc__row\">\n      <div class=\"wpbc_r_secondname wpbc__field\">  <label for=\"secondname1\">Priezvisko (Surname)*:<\/label><br>   <input type=\"text\" name=\"secondname1\" id=\"secondname1\" class=\"input-xlarge wpdev-validates-as-required\" \/><\/div>\n\t<\/div>\n\t<div class=\"wpbc__row\">\n      <div class=\"wpbc_r_email wpbc__field\">  <label for=\"email1\">Email*:<\/label><br>   <input type=\"email\" name=\"email1\" id=\"email1\" class=\"input-xlarge wpdev-validates-as-email wpdev-validates-as-required wpdev-validates-as-required\" \/><\/div>\n\t<\/div>\n\t<div class=\"wpbc__row\">\n      <div class=\"wpbc_r_phone wpbc__field\">  <label for=\"phone1\">Telef\u00f3n (Phone):<\/label><br>   <input type=\"text\" name=\"phone1\" id=\"phone1\" class=\"input-xlarge\" \/><\/div>\n\t<\/div>\n\t<div class=\"wpbc__row\">\n      <div class=\"wpbc_r_details wpbc__field\">  <label for=\"details1\">Spr\u00e1va (Message):<\/label><br>   <textarea  rows=\"3\" name=\"details1\" id=\"details1\" class=\"input-xlarge\" ><\/textarea><\/div>\n\t<\/div>\n\t<div class=\"wpbc__row\">\n      <div class=\"wpbc_r_submit wpbc__field\"> <button class=\"wpbc_button_light\" type=\"button\" onclick=\"mybooking_submit(this.form,1,'en_US');\" >Odosla\u0165 (Send)<\/button>\n<\/div>\n\t<\/div>\n    <\/div>\n  <\/div>\n<\/div>\n<\/div><input id=\"bk_type1\" name=\"bk_type1\" class=\"\" type=\"hidden\" value=\"1\" \/><\/div><div id=\"submiting1\"><\/div><div class=\"form_bk_messages\" id=\"form_bk_messages1\" ><\/div><input type=\"hidden\" id=\"wpbc_nonceCALCULATE_THE_COST1\" name=\"wpbc_nonceCALCULATE_THE_COST1\" value=\"15b195cfa0\" \/><input type=\"hidden\" name=\"_wp_http_referer\" value=\"\/en\/wp-json\/wp\/v2\/pages\/4203\" \/><\/form><\/div><div id=\"booking_form_garbage1\" class=\"booking_form_garbage\"><\/div><script type=\"text\/javascript\"> (function() { var a = setInterval( function() {  if ( ( 'undefined' === typeof jQuery ) || ! window.jQuery ) { return; } clearInterval( a ); jQuery( document ).ready( function (){ jQuery(\".widget_wpdev_booking .booking_form.form-horizontal\").removeClass(\"form-horizontal\");\n                                    var visible_calendars_count = _wpbc.get_other_param( \"calendars__on_this_page\" ).length;\n                                    if (visible_calendars_count !== null ) {\n                                        for (var i=0;i< visible_calendars_count ;i++){\n                                          if ( _wpbc.get_other_param( \"calendars__on_this_page\" )[i] === 1 ) {\n                                              document.getElementById(\"form_id234454068288\").innerHTML = \"<span style='color:#A00;font-size:10px;'>Warning! Booking calendar for this booking resource are already at the page, please check more about this issue at this page: https:\/\/wpbookingcalendar.com\/faq\/why-the-booking-calendar-widget-not-show-on-page\/<\/span>\";                                                                                                  \n                                              jQuery(\"#form_id234454068288\").animate( {opacity: 1}, 10000 ).fadeOut(5000);\n                                              return;\n                                          }\n                                        }\n                                        _wpbc.get_other_param( \"calendars__on_this_page\" )[ visible_calendars_count ]=1;\n                                    } } ); }, 500 ); })();<\/script> <script type=\"text\/javascript\"> (function() { var a = setInterval( function() {  if ( ( 'undefined' === typeof jQuery ) || ! window.jQuery ) { return; } clearInterval( a ); jQuery( document ).ready( function (){ _wpbc.balancer__set_max_threads( 3 );  _wpbc.calendar__set_param_value( 1 , 'calendar_scroll_to' , false );  _wpbc.calendar__set_param_value( 1 , 'booking_max_monthes_in_calendar' , '2y' );  _wpbc.calendar__set_param_value( 1 , 'booking_start_day_weeek' , '1' );  _wpbc.calendar__set_param_value( 1 , 'calendar_number_of_months' , '1' );   _wpbc.calendar__set_param_value( 1, 'days_select_mode', 'multiple' );   _wpbc.calendar__set_param_value( 1, 'fixed__days_num', 0 );   _wpbc.calendar__set_param_value( 1, 'fixed__week_days__start',   [] );   _wpbc.calendar__set_param_value( 1, 'dynamic__days_min', 0 );   _wpbc.calendar__set_param_value( 1, 'dynamic__days_max', 0 );   _wpbc.calendar__set_param_value( 1, 'dynamic__days_specific',    [] );   _wpbc.calendar__set_param_value( 1, 'dynamic__week_days__start', [] );   _wpbc.calendar__set_param_value( 1, 'booking_date_format', 'd.m.Y' );   _wpbc.calendar__set_param_value( 1, 'booking_time_format', 'H:i' );   if ( 'function' === typeof ( wpbc__conditions__SAVE_INITIAL__days_selection_params__bm ) ){ wpbc__conditions__SAVE_INITIAL__days_selection_params__bm( 1 ); }   wpbc_calendar_show( '1' );   _wpbc.set_secure_param( 'nonce',   '7c1a3ffcdb' );   _wpbc.set_secure_param( 'user_id', '0' );   _wpbc.set_secure_param( 'locale',  'en_US' );  wpbc_calendar__load_data__ajx( {\"resource_id\":1,\"booking_hash\":\"\",\"request_uri\":\"\\\/en\\\/wp-json\\\/wp\\\/v2\\\/pages\\\/4203\",\"custom_form\":\"standard\",\"aggregate_resource_id_str\":\"\",\"aggregate_type\":\"all\"} ); } ); }, 500 ); })();<\/script>\n<\/div>\n<\/div><\/div><\/div><\/div><\/div>","protected":false},"excerpt":{"rendered":"<p>We offer a Studio in a wooden eco-house in the seclusion of the Eagle Mountains A beautiful, secluded retreat in the heart of the Eagle Mountains, surrounded by meadows, forests, and a deep, starry night sky. Ideal for those seeking<\/p>\n","protected":false},"author":2,"featured_media":4218,"parent":0,"menu_order":0,"comment_status":"closed","ping_status":"closed","template":"","meta":{"footnotes":""},"class_list":["post-4203","page","type-page","status-publish","has-post-thumbnail","hentry"],"_links":{"self":[{"href":"http:\/\/artyci.com\/en\/wp-json\/wp\/v2\/pages\/4203","targetHints":{"allow":["GET"]}}],"collection":[{"href":"http:\/\/artyci.com\/en\/wp-json\/wp\/v2\/pages"}],"about":[{"href":"http:\/\/artyci.com\/en\/wp-json\/wp\/v2\/types\/page"}],"author":[{"embeddable":true,"href":"http:\/\/artyci.com\/en\/wp-json\/wp\/v2\/users\/2"}],"replies":[{"embeddable":true,"href":"http:\/\/artyci.com\/en\/wp-json\/wp\/v2\/comments?post=4203"}],"version-history":[{"count":33,"href":"http:\/\/artyci.com\/en\/wp-json\/wp\/v2\/pages\/4203\/revisions"}],"predecessor-version":[{"id":4711,"href":"http:\/\/artyci.com\/en\/wp-json\/wp\/v2\/pages\/4203\/revisions\/4711"}],"wp:featuredmedia":[{"embeddable":true,"href":"http:\/\/artyci.com\/en\/wp-json\/wp\/v2\/media\/4218"}],"wp:attachment":[{"href":"http:\/\/artyci.com\/en\/wp-json\/wp\/v2\/media?parent=4203"}],"curies":[{"name":"wp","href":"https:\/\/api.w.org\/{rel}","templated":true}]}}