{"id":353,"date":"2018-08-28T09:02:30","date_gmt":"2018-08-28T07:02:30","guid":{"rendered":"http:\/\/artyci.com\/new\/?page_id=353"},"modified":"2022-01-22T12:59:00","modified_gmt":"2022-01-22T11:59:00","slug":"workshopy","status":"publish","type":"page","link":"http:\/\/artyci.com\/en\/workshopy\/","title":{"rendered":"Workshops"},"content":{"rendered":"<p><a href=\"http:\/\/artyci.com\/wp-content\/uploads\/2018\/10\/workshopy-yes.jpg\"><img loading=\"lazy\" decoding=\"async\" class=\" wp-image-920 aligncenter\" src=\"http:\/\/artyci.com\/wp-content\/uploads\/2018\/10\/workshopy-yes-300x136.jpg\" alt=\"\" width=\"730\" height=\"331\" srcset=\"http:\/\/artyci.com\/wp-content\/uploads\/2018\/10\/workshopy-yes-300x136.jpg 300w, http:\/\/artyci.com\/wp-content\/uploads\/2018\/10\/workshopy-yes-768x348.jpg 768w, http:\/\/artyci.com\/wp-content\/uploads\/2018\/10\/workshopy-yes-1024x463.jpg 1024w, http:\/\/artyci.com\/wp-content\/uploads\/2018\/10\/workshopy-yes.jpg 1200w\" sizes=\"auto, (max-width: 730px) 100vw, 730px\" \/><\/a>Zuna and Milan are popular dance teachers not only in Slovakia, but mainly abroad. They run seminars for dance schools, workshops for professional dancers and actors focusing on physical theater. They also like working with amateurs and complete beginners.<\/p>\n<p><strong><span style=\"color: #008080;\">The size and scale of our seminars is wide:<\/span><\/strong><br \/>\n&#8211; modern movement trends: new dance, contact improvisation, improvisation, floor work&#8230;<br \/>\n&#8211; seminars focused on creativity: composition, introduction to choreography, creative choreography process, movement research<br \/>\n&#8211; seminars devoted to working with the body: <em>Anatomy of Movement, <a href=\"http:\/\/artyci.com\/2018\/10\/19\/dancing-qigong-2\/\">Dancing Qigong<\/a>, <a href=\"http:\/\/artyci.com\/en\/2018\/08\/27\/bdelost-tela\/\">Body Awakeness<\/a>, <a href=\"http:\/\/artyci.com\/en\/2018\/08\/27\/living-dancing-spine\/\">Living Dancing Spine<\/a>, <a href=\"http:\/\/artyci.com\/en\/2018\/08\/27\/liquid-joints\/\">Liquid Joints<\/a><\/em><br \/>\n&#8211; seminars in which dance is enriched with a health context, especially about the use of Chinese medicine: <a href=\"http:\/\/danceandmedicine.wixsite.com\/zuna\/home\"><em>Dance and Medicine<\/em><\/a><br \/>\n&#8211; seminars and research laboratory focused on applying taoistic principles to dance:<a href=\"http:\/\/artyci.com\/en\/2018\/08\/08\/dancing-qigong\/\"><em> Dancing Qigong<\/em>\u00a0<\/a><\/p>\n<p><strong><span style=\"color: #008080;\">Zuna and Milan have regularly been active in the following institutions:<\/span><\/strong><br \/>\nSalzburg Experimental Academy of Dance,\u00a0Salzburg (A)<br \/>\nTanzQuartier Wien (A)<br \/>\nNorthern School of Contemporary Dance, Leeds (UK)<br \/>\nUniversity of\u00a0Calgary (CAN)<br \/>\nKonservatorium Wien Privatuniversit\u00e4t (A)<br \/>\nTIP School for Dance, Improvisation and Performance, Freiburg (D)<br \/>\nThe Grotowski Institut Wroclaw, Theater ZAR, Studio Matejka (PL)<br \/>\nPolski Teatr Tanca, Poznan (PL)<br \/>\nDuncan Centre, Prague (CZ)<br \/>\nAMU, Prague (CZ)<br \/>\nNov\u00fd Priestor\/New Space, Bratislava (SK)<br \/>\nTheatre \u0160t\u00fadio tanca, Bansk\u00e1 Bystrica (SK)<\/p>\n<p><strong><span style=\"color: #008080;\">They led and lead occasional seminars in towns:<\/span><\/strong><br \/>\nWarshaw, Poznan, Krakow, Wroclaw (PL), Salzburg, Vienna (A), Prague, Brno (CZ), Berlin (D), Athens, Thessaloniky (GR), Rotterdam (NL), Calgary (CA), Bangkok (Thajsko), Beijing, Xi\u00b4an, Hong Kong (China).<\/p>\n<p>Since 2001 they have run their own summer dance school in nature <a href=\"http:\/\/artyci.com\/en\/2018\/08\/27\/tanec-na-horach\/\"><em>Dancing in the mountains<\/em><\/a>.<\/p>\n<p>&nbsp;<\/p>","protected":false},"excerpt":{"rendered":"<p>Zuna and Milan are popular dance teachers not only in Slovakia, but mainly abroad. They run seminars for dance schools, workshops for professional dancers and actors focusing on physical theater. They also like working with amateurs and complete beginners. The<\/p>\n","protected":false},"author":2,"featured_media":0,"parent":0,"menu_order":0,"comment_status":"closed","ping_status":"closed","template":"","meta":{"footnotes":""},"class_list":["post-353","page","type-page","status-publish","hentry"],"_links":{"self":[{"href":"http:\/\/artyci.com\/en\/wp-json\/wp\/v2\/pages\/353","targetHints":{"allow":["GET"]}}],"collection":[{"href":"http:\/\/artyci.com\/en\/wp-json\/wp\/v2\/pages"}],"about":[{"href":"http:\/\/artyci.com\/en\/wp-json\/wp\/v2\/types\/page"}],"author":[{"embeddable":true,"href":"http:\/\/artyci.com\/en\/wp-json\/wp\/v2\/users\/2"}],"replies":[{"embeddable":true,"href":"http:\/\/artyci.com\/en\/wp-json\/wp\/v2\/comments?post=353"}],"version-history":[{"count":16,"href":"http:\/\/artyci.com\/en\/wp-json\/wp\/v2\/pages\/353\/revisions"}],"predecessor-version":[{"id":3631,"href":"http:\/\/artyci.com\/en\/wp-json\/wp\/v2\/pages\/353\/revisions\/3631"}],"wp:attachment":[{"href":"http:\/\/artyci.com\/en\/wp-json\/wp\/v2\/media?parent=353"}],"curies":[{"name":"wp","href":"https:\/\/api.w.org\/{rel}","templated":true}]}}