{"id":198,"date":"2018-08-21T12:53:51","date_gmt":"2018-08-21T10:53:51","guid":{"rendered":"http:\/\/artyci.com\/new\/?page_id=198"},"modified":"2026-04-15T08:01:55","modified_gmt":"2026-04-15T06:01:55","slug":"blog","status":"publish","type":"page","link":"http:\/\/artyci.com\/en\/blog\/","title":{"rendered":"Blog"},"content":{"rendered":"<p>      <div id=\"post-grid-lazy-5407\" class=\"post-grid-lazy\"><img decoding=\"async\" alt=\"\" src=\"\" \/><\/div>\n    <script>\n      jQuery('#post-grid-lazy-5407').ready(function($) {\n        $('#post-grid-lazy-5407').fadeOut();\n        $('#post-grid-5407   ').fadeIn();\n      })\n    <\/script>\n    <style type=\"text\/css\">\n      #post-grid-5407 {\n        display: none;\n      }\n\n      .post-grid-lazy {\n        text-align: center;\n      }\n    <\/style>\n    <div data-options='{&quot;id&quot;:&quot;5407&quot;,&quot;lazy_load&quot;:&quot;yes&quot;,&quot;masonry_enable&quot;:&quot;no&quot;,&quot;view_type&quot;:&quot;grid&quot;}' id=\"post-grid-5407\" class=\"post-grid grid\">\n    \n\n\n    <div class=\"grid-items\">\n      <div class=\"item item-4047 skin flat even 0 \">\n        <div class=\"layer-wrapper layout-\">\n        <div class=\"layer-media\"><\/div>\n  <div class=\"layer-content\">\n        <div\r\n        class=\"element element_0  element-media \">\r\n        <a target=\"_self\" href=\"http:\/\/artyci.com\/en\/predslov-ku-knihe\/\"><img loading=\"lazy\" decoding=\"async\" width=\"750\" height=\"422\" src=\"http:\/\/artyci.com\/wp-content\/uploads\/2024\/02\/24_2-1024x576.png\" class=\"attachment-large size-large wp-post-image\" alt=\"\" \/><\/a>    <\/div>\r\n    <div class=\"element element_1  title_link \">\r\n                    <a target=\"\"\r\n                href=\"http:\/\/artyci.com\/en\/predslov-ku-knihe\/\">Foreword to The Tao of Movement<\/a>\r\n            <\/div>\r\n    <div class=\"element element_2  excerpt \">\r\n        Foreword by\u00a0Charlie Brittain I first met Zuna in Belgium, at an international dance festival where we were both teaching at            <\/div>\r\n            <a class=\"element element_3  read_more \"\r\n            target=\"\"\r\n            href=\"http:\/\/artyci.com\/en\/predslov-ku-knihe\/\"><\/a>\r\n      <\/div>\n    <\/div>\n  <\/div><div class=\"item item-3467 skin flat odd 1 \">\n        <div class=\"layer-wrapper layout-\">\n        <div class=\"layer-media\"><\/div>\n  <div class=\"layer-content\">\n        <div\r\n        class=\"element element_0  element-media \">\r\n        <a target=\"_self\" href=\"http:\/\/artyci.com\/en\/english-meridians-in-movement\/\"><img loading=\"lazy\" decoding=\"async\" width=\"750\" height=\"502\" src=\"http:\/\/artyci.com\/wp-content\/uploads\/2018\/09\/a.07-1024x685.jpg\" class=\"attachment-large size-large wp-post-image\" alt=\"\" \/><\/a>    <\/div>\r\n    <div class=\"element element_1  title_link \">\r\n                    <a target=\"\"\r\n                href=\"http:\/\/artyci.com\/en\/english-meridians-in-movement\/\">Meridians in movement<\/a>\r\n            <\/div>\r\n    <div class=\"element element_2  excerpt \">\r\n        Written by_ Zuna Vesan 2017 Translated by_\u017dubra \u017dubretovsk\u00e1 2021 In my pedagogical practice I have been working in improvisation with            <\/div>\r\n            <a class=\"element element_3  read_more \"\r\n            target=\"\"\r\n            href=\"http:\/\/artyci.com\/en\/english-meridians-in-movement\/\"><\/a>\r\n      <\/div>\n    <\/div>\n  <\/div><div class=\"item item-3461 skin flat even 2 \">\n        <div class=\"layer-wrapper layout-\">\n        <div class=\"layer-media\"><\/div>\n  <div class=\"layer-content\">\n        <div\r\n        class=\"element element_0  element-media \">\r\n        <a target=\"_self\" href=\"http:\/\/artyci.com\/en\/english-enter-exit-on-stage\/\"><img loading=\"lazy\" decoding=\"async\" width=\"413\" height=\"313\" src=\"http:\/\/artyci.com\/wp-content\/uploads\/2021\/06\/enter-exit.jpg\" class=\"attachment-large size-large wp-post-image\" alt=\"\" \/><\/a>    <\/div>\r\n    <div class=\"element element_1  title_link \">\r\n                    <a target=\"\"\r\n                href=\"http:\/\/artyci.com\/en\/english-enter-exit-on-stage\/\">Enter-exit (on stage)<\/a>\r\n            <\/div>\r\n    <div class=\"element element_2  excerpt \">\r\n        Written by_ Zuna Vesan 2017 Translated by_\u017dubra \u017dubretovsk\u00e1 2021 Extract from the upcoming book TAO OF MOVEMENT As performers, we            <\/div>\r\n            <a class=\"element element_3  read_more \"\r\n            target=\"\"\r\n            href=\"http:\/\/artyci.com\/en\/english-enter-exit-on-stage\/\"><\/a>\r\n      <\/div>\n    <\/div>\n  <\/div><div class=\"item item-3450 skin flat odd 3 \">\n        <div class=\"layer-wrapper layout-\">\n        <div class=\"layer-media\"><\/div>\n  <div class=\"layer-content\">\n        <div\r\n        class=\"element element_0  element-media \">\r\n        <a target=\"_self\" href=\"http:\/\/artyci.com\/en\/musce\/\"><img loading=\"lazy\" decoding=\"async\" width=\"251\" height=\"201\" src=\"http:\/\/artyci.com\/wp-content\/uploads\/2021\/06\/muscles-1.jpg\" class=\"attachment-large size-large wp-post-image\" alt=\"\" \/><\/a>    <\/div>\r\n    <div class=\"element element_1  title_link \">\r\n                    <a target=\"\"\r\n                href=\"http:\/\/artyci.com\/en\/musce\/\">Muscle zooming<\/a>\r\n            <\/div>\r\n    <div class=\"element element_2  excerpt \">\r\n        Written by_ Zuna Vesan 2017 Translated by_\u017dubra \u017dubretovsk\u00e1 2021 Extract from the upcoming book TAO OF MOVEMENT Spleen \u2013 the            <\/div>\r\n            <a class=\"element element_3  read_more \"\r\n            target=\"\"\r\n            href=\"http:\/\/artyci.com\/en\/musce\/\"><\/a>\r\n      <\/div>\n    <\/div>\n  <\/div><div class=\"item item-3447 skin flat even 4 \">\n        <div class=\"layer-wrapper layout-\">\n        <div class=\"layer-media\"><\/div>\n  <div class=\"layer-content\">\n        <div\r\n        class=\"element element_0  element-media \">\r\n        <a target=\"_self\" href=\"http:\/\/artyci.com\/en\/english-our-hardware-in-the-bones\/\"><img loading=\"lazy\" decoding=\"async\" width=\"750\" height=\"433\" src=\"http:\/\/artyci.com\/wp-content\/uploads\/2021\/06\/bones-1024x591.jpg\" class=\"attachment-large size-large wp-post-image\" alt=\"\" \/><\/a>    <\/div>\r\n    <div class=\"element element_1  title_link \">\r\n                    <a target=\"\"\r\n                href=\"http:\/\/artyci.com\/en\/english-our-hardware-in-the-bones\/\">Our hardware in the bones<\/a>\r\n            <\/div>\r\n    <div class=\"element element_2  excerpt \">\r\n        Written by_ Zuna Vesan 2017 Translated by_\u017dubra \u017dubretovsk\u00e1 2021 Extract from the upcoming book TAO OF MOVEMENT - the WATTER            <\/div>\r\n            <a class=\"element element_3  read_more \"\r\n            target=\"\"\r\n            href=\"http:\/\/artyci.com\/en\/english-our-hardware-in-the-bones\/\"><\/a>\r\n      <\/div>\n    <\/div>\n  <\/div><div class=\"item item-3443 skin flat odd 5 \">\n        <div class=\"layer-wrapper layout-\">\n        <div class=\"layer-media\"><\/div>\n  <div class=\"layer-content\">\n        <div\r\n        class=\"element element_0  element-media \">\r\n        <a target=\"_self\" href=\"http:\/\/artyci.com\/en\/english-the-corporeal-soul-the-po\/\"><img loading=\"lazy\" decoding=\"async\" width=\"307\" height=\"195\" src=\"http:\/\/artyci.com\/wp-content\/uploads\/2021\/06\/Body-Soul-Spirit.jpg\" class=\"attachment-large size-large wp-post-image\" alt=\"\" \/><\/a>    <\/div>\r\n    <div class=\"element element_1  title_link \">\r\n                    <a target=\"\"\r\n                href=\"http:\/\/artyci.com\/en\/english-the-corporeal-soul-the-po\/\">The Corporeal Soul &#8211; The Po<\/a>\r\n            <\/div>\r\n    <div class=\"element element_2  excerpt \">\r\n        Written by_ Zuna Vesan 2017 Translated by_\u017dubra \u017dubretovsk\u00e1 2021 Extract from the upcoming book TAO OF MOVEMENT - the METAL            <\/div>\r\n            <a class=\"element element_3  read_more \"\r\n            target=\"\"\r\n            href=\"http:\/\/artyci.com\/en\/english-the-corporeal-soul-the-po\/\"><\/a>\r\n      <\/div>\n    <\/div>\n  <\/div><div class=\"item item-3439 skin flat even 6 \">\n        <div class=\"layer-wrapper layout-\">\n        <div class=\"layer-media\"><\/div>\n  <div class=\"layer-content\">\n        <div\r\n        class=\"element element_0  element-media \">\r\n        <a target=\"_self\" href=\"http:\/\/artyci.com\/en\/english-tendons-and-grace-of-movement\/\"><img loading=\"lazy\" decoding=\"async\" width=\"300\" height=\"187\" src=\"http:\/\/artyci.com\/wp-content\/uploads\/2019\/03\/antilopka.jpg\" class=\"attachment-large size-large wp-post-image\" alt=\"\" \/><\/a>    <\/div>\r\n    <div class=\"element element_1  title_link \">\r\n                    <a target=\"\"\r\n                href=\"http:\/\/artyci.com\/en\/english-tendons-and-grace-of-movement\/\">Tendons and grace of movement<\/a>\r\n            <\/div>\r\n    <div class=\"element element_2  excerpt \">\r\n        Written by_ Zuna Vesan 2017 Translated by_\u017dubra \u017dubretovsk\u00e1 2021 Extracts from the upcoming book TAO OF MOVEMENT &nbsp; Achilles tendon            <\/div>\r\n            <a class=\"element element_3  read_more \"\r\n            target=\"\"\r\n            href=\"http:\/\/artyci.com\/en\/english-tendons-and-grace-of-movement\/\"><\/a>\r\n      <\/div>\n    <\/div>\n  <\/div><div class=\"item item-3434 skin flat odd 7 \">\n        <div class=\"layer-wrapper layout-\">\n        <div class=\"layer-media\"><\/div>\n  <div class=\"layer-content\">\n        <div\r\n        class=\"element element_0  element-media \">\r\n        <a target=\"_self\" href=\"http:\/\/artyci.com\/en\/english-tendon-injuries-and-their-treatment\/\"><img loading=\"lazy\" decoding=\"async\" width=\"350\" height=\"233\" src=\"http:\/\/artyci.com\/wp-content\/uploads\/2021\/06\/acchiles.jpg\" class=\"attachment-large size-large wp-post-image\" alt=\"\" \/><\/a>    <\/div>\r\n    <div class=\"element element_1  title_link \">\r\n                    <a target=\"\"\r\n                href=\"http:\/\/artyci.com\/en\/english-tendon-injuries-and-their-treatment\/\">Tendon injuries and their treatment<\/a>\r\n            <\/div>\r\n    <div class=\"element element_2  excerpt \">\r\n        Written by_ Zuna Vesan 2017 Translated by_\u017dubra \u017dubretovsk\u00e1 2021 Extract from the upcoming book TAO OF MOVEMENT Tendon damage is            <\/div>\r\n            <a class=\"element element_3  read_more \"\r\n            target=\"\"\r\n            href=\"http:\/\/artyci.com\/en\/english-tendon-injuries-and-their-treatment\/\"><\/a>\r\n      <\/div>\n    <\/div>\n  <\/div><div class=\"item item-2852 skin flat even 8 \">\n        <div class=\"layer-wrapper layout-\">\n        <div class=\"layer-media\"><\/div>\n  <div class=\"layer-content\">\n        <div\r\n        class=\"element element_0  element-media \">\r\n        <a target=\"_self\" href=\"http:\/\/artyci.com\/en\/english-spine-the-flowing-vertical-column\/\"><img loading=\"lazy\" decoding=\"async\" width=\"750\" height=\"313\" src=\"http:\/\/artyci.com\/wp-content\/uploads\/2019\/08\/Spina3-1024x427.jpg\" class=\"attachment-large size-large wp-post-image\" alt=\"\" \/><\/a>    <\/div>\r\n    <div class=\"element element_1  title_link \">\r\n                    <a target=\"\"\r\n                href=\"http:\/\/artyci.com\/en\/english-spine-the-flowing-vertical-column\/\">Spine &#8211; the &#8220;flowing&#8221; vertical column<\/a>\r\n            <\/div>\r\n    <div class=\"element element_2  excerpt \">\r\n        Text_Zuna Vesan_2017 Translated by \u017dubra \u017dubretovsk\u00e1_2021 Spine is the basic structural pillar of our body. Dancers should be aware of            <\/div>\r\n            <a class=\"element element_3  read_more \"\r\n            target=\"\"\r\n            href=\"http:\/\/artyci.com\/en\/english-spine-the-flowing-vertical-column\/\"><\/a>\r\n      <\/div>\n    <\/div>\n  <\/div><div class=\"item item-2589 skin flat odd 9 \">\n        <div class=\"layer-wrapper layout-\">\n        <div class=\"layer-media\"><\/div>\n  <div class=\"layer-content\">\n        <div\r\n        class=\"element element_0  element-media \">\r\n        <a target=\"_self\" href=\"http:\/\/artyci.com\/en\/english-yin-and-yang-in-the-world-of-motion\/\"><img loading=\"lazy\" decoding=\"async\" width=\"252\" height=\"151\" src=\"http:\/\/artyci.com\/wp-content\/uploads\/2019\/03\/yin-yang-1.jpg\" class=\"attachment-large size-large wp-post-image\" alt=\"\" \/><\/a>    <\/div>\r\n    <div class=\"element element_1  title_link \">\r\n                    <a target=\"\"\r\n                href=\"http:\/\/artyci.com\/en\/english-yin-and-yang-in-the-world-of-motion\/\">Yin and Yang in the World of Motion<\/a>\r\n            <\/div>\r\n    <div class=\"element element_2  excerpt \">\r\n        Written by_Zuna Vesan_2016 Translated by \u017dubra \u017dubretovsk\u00e1_2021 The Yin and Yang concept is the basis of the Taoist philosophy. It            <\/div>\r\n            <a class=\"element element_3  read_more \"\r\n            target=\"\"\r\n            href=\"http:\/\/artyci.com\/en\/english-yin-and-yang-in-the-world-of-motion\/\"><\/a>\r\n      <\/div>\n    <\/div>\n  <\/div>    <\/div>\n    <div class=\"pagination\">\n      <div class=\"paginate\">\n    <span aria-current=\"page\" class=\"page-numbers current\">1<\/span>\n<a class=\"page-numbers\" href=\"http:\/\/artyci.com\/en\/wp-json\/wp\/v2\/pages\/198\/page\/2\/\">2<\/a>\n<a class=\"next page-numbers\" href=\"http:\/\/artyci.com\/en\/wp-json\/wp\/v2\/pages\/198\/page\/2\/\">Next \u00bb<\/a>  <\/div>\n  <style type=\"text\/css\">\n    #post-grid-5407 .pagination .page-numbers {\n      font-size: 16px;\n      color: #fff;\n      background: #646464;\n    }\n\n    #post-grid-5407 .pagination .page-numbers:hover,\n    #post-grid-5407 .pagination .page-numbers.current {\n      background: #4b4b4b;\n    }\n  <\/style>\n  <\/div>\n      <script>\n          <\/script>\n    <style type=\"text\/css\">\n    #post-grid-5407 .element_0 {\n      display: block;font-size: 21px;line-height: normal;padding: 5px 10px;text-align: left; text-decoration: none;    }\n\n    #post-grid-5407 .element_1 {\n      display: block;font-size: 21px;line-height: normal;padding: 5px 10px;text-align: left; text-decoration: none;    }\n\n    #post-grid-5407 .element_2 {\n      display: block;font-size: 14px;padding: 5px 10px;text-align: left;    }\n\n    #post-grid-5407 .element_3 {\n      display: block;font-size: 12px;font-weight: bold;padding: 0 10px;text-align: left;text-decoration: none;    }\n\n    #post-grid-5407 .element_0:hover{}#post-grid-5407 .element_1:hover{}#post-grid-5407 .element_2:hover{}#post-grid-5407 .element_3:hover{}  <\/style>\n  <style type=\"text\/css\">\n    #post-grid-5407 {\n          }\n\n    #post-grid-5407 .item {\n      padding: 0px;\n      background: #fff;\n          }\n\n    #post-grid-5407 .item .layer-media {\n      height:auto;    }\n\n    @media only screen and (min-width: 0px) and (max-width: 767px) {\n      #post-grid-5407 .grid-items {\n        display: grid;\n        grid-template-columns: 1fr ;\n        column-gap: 10px;\n        row-gap: 10px;\n              }\n\n      #post-grid-5407 .item {\n        height:auto;      }\n    }\n\n    @media only screen and (min-width: 768px) and (max-width: 1023px) {\n      #post-grid-5407 .grid-items {\n        display: grid;\n        grid-template-columns: 1fr 1fr ;\n        column-gap: 10px;\n        row-gap: 10px;\n              }\n\n      #post-grid-5407 .item {\n        max-height:auto;      }\n    }\n\n    @media only screen and (min-width: 1024px) {\n      #post-grid-5407 .grid-items {\n        display: grid;\n        grid-template-columns: 1fr 1fr 1fr ;\n        column-gap: 10px;\n        row-gap: 10px;\n              }\n\n      #post-grid-5407 .item {\n        height:auto;      }\n    }\n\n      <\/style>\n  <\/div>\n<\/p>","protected":false},"excerpt":{"rendered":"<p>Sorry, this entry is only available in Sloven\u010dina.<\/p>\n","protected":false},"author":2,"featured_media":0,"parent":0,"menu_order":0,"comment_status":"closed","ping_status":"closed","template":"","meta":{"footnotes":""},"class_list":["post-198","page","type-page","status-publish","hentry"],"_links":{"self":[{"href":"http:\/\/artyci.com\/en\/wp-json\/wp\/v2\/pages\/198","targetHints":{"allow":["GET"]}}],"collection":[{"href":"http:\/\/artyci.com\/en\/wp-json\/wp\/v2\/pages"}],"about":[{"href":"http:\/\/artyci.com\/en\/wp-json\/wp\/v2\/types\/page"}],"author":[{"embeddable":true,"href":"http:\/\/artyci.com\/en\/wp-json\/wp\/v2\/users\/2"}],"replies":[{"embeddable":true,"href":"http:\/\/artyci.com\/en\/wp-json\/wp\/v2\/comments?post=198"}],"version-history":[{"count":23,"href":"http:\/\/artyci.com\/en\/wp-json\/wp\/v2\/pages\/198\/revisions"}],"predecessor-version":[{"id":5408,"href":"http:\/\/artyci.com\/en\/wp-json\/wp\/v2\/pages\/198\/revisions\/5408"}],"wp:attachment":[{"href":"http:\/\/artyci.com\/en\/wp-json\/wp\/v2\/media?parent=198"}],"curies":[{"name":"wp","href":"https:\/\/api.w.org\/{rel}","templated":true}]}}